{"id":8438,"date":"2022-04-04T15:53:24","date_gmt":"2022-04-04T15:53:24","guid":{"rendered":"https:\/\/www.adqa.com\/?page_id=8438"},"modified":"2023-09-04T14:03:54","modified_gmt":"2023-09-04T14:03:54","slug":"mes-informacio","status":"publish","type":"page","link":"https:\/\/www.adqa.com\/ca\/ciberseguretat\/mes-informacio\/","title":{"rendered":"M\u00c9S INFORMACI\u00d3"},"content":{"rendered":"","protected":false},"excerpt":{"rendered":"","protected":false},"author":2,"featured_media":0,"parent":7724,"menu_order":0,"comment_status":"closed","ping_status":"closed","template":"","meta":{"site-sidebar-layout":"default","site-content-layout":"","ast-site-content-layout":"","site-content-style":"default","site-sidebar-style":"default","ast-global-header-display":"","ast-banner-title-visibility":"","ast-main-header-display":"","ast-hfb-above-header-display":"","ast-hfb-below-header-display":"","ast-hfb-mobile-header-display":"","site-post-title":"","ast-breadcrumbs-content":"","ast-featured-img":"","footer-sml-layout":"","theme-transparent-header-meta":"","adv-header-id-meta":"","stick-header-meta":"","header-above-stick-meta":"","header-main-stick-meta":"","header-below-stick-meta":"","astra-migrate-meta-layouts":"default","ast-page-background-enabled":"default","ast-page-background-meta":{"desktop":{"background-color":"","background-image":"","background-repeat":"repeat","background-position":"center center","background-size":"auto","background-attachment":"scroll","background-type":"","background-media":"","overlay-type":"","overlay-color":"","overlay-gradient":""},"tablet":{"background-color":"","background-image":"","background-repeat":"repeat","background-position":"center center","background-size":"auto","background-attachment":"scroll","background-type":"","background-media":"","overlay-type":"","overlay-color":"","overlay-gradient":""},"mobile":{"background-color":"","background-image":"","background-repeat":"repeat","background-position":"center center","background-size":"auto","background-attachment":"scroll","background-type":"","background-media":"","overlay-type":"","overlay-color":"","overlay-gradient":""}},"ast-content-background-meta":{"desktop":{"background-color":"var(--ast-global-color-5)","background-image":"","background-repeat":"repeat","background-position":"center center","background-size":"auto","background-attachment":"scroll","background-type":"","background-media":"","overlay-type":"","overlay-color":"","overlay-gradient":""},"tablet":{"background-color":"var(--ast-global-color-5)","background-image":"","background-repeat":"repeat","background-position":"center center","background-size":"auto","background-attachment":"scroll","background-type":"","background-media":"","overlay-type":"","overlay-color":"","overlay-gradient":""},"mobile":{"background-color":"var(--ast-global-color-5)","background-image":"","background-repeat":"repeat","background-position":"center center","background-size":"auto","background-attachment":"scroll","background-type":"","background-media":"","overlay-type":"","overlay-color":"","overlay-gradient":""}},"footnotes":""},"yoast_head":"<!-- This site is optimized with the Yoast SEO plugin v22.7 - https:\/\/yoast.com\/wordpress\/plugins\/seo\/ -->\n<title>M\u00c9S INFORMACI\u00d3 - ADQA<\/title>\n<meta name=\"robots\" content=\"noindex, nofollow\" \/>\n<meta property=\"og:locale\" content=\"ca_ES\" \/>\n<meta property=\"og:type\" content=\"article\" \/>\n<meta property=\"og:title\" content=\"M\u00c9S INFORMACI\u00d3 - ADQA\" \/>\n<meta property=\"og:url\" content=\"https:\/\/www.adqa.com\/ca\/ciberseguretat\/mes-informacio\/\" \/>\n<meta property=\"og:site_name\" content=\"ADQA\" \/>\n<meta property=\"article:modified_time\" content=\"2023-09-04T14:03:54+00:00\" \/>\n<meta name=\"twitter:card\" content=\"summary_large_image\" \/>\n<script type=\"application\/ld+json\" class=\"yoast-schema-graph\">{\"@context\":\"https:\/\/schema.org\",\"@graph\":[{\"@type\":\"WebPage\",\"@id\":\"https:\/\/www.adqa.com\/ca\/ciberseguretat\/mes-informacio\/\",\"url\":\"https:\/\/www.adqa.com\/ca\/ciberseguretat\/mes-informacio\/\",\"name\":\"M\u00c9S INFORMACI\u00d3 - ADQA\",\"isPartOf\":{\"@id\":\"https:\/\/www.adqa.com\/ca\/#website\"},\"datePublished\":\"2022-04-04T15:53:24+00:00\",\"dateModified\":\"2023-09-04T14:03:54+00:00\",\"breadcrumb\":{\"@id\":\"https:\/\/www.adqa.com\/ca\/ciberseguretat\/mes-informacio\/#breadcrumb\"},\"inLanguage\":\"ca\",\"potentialAction\":[{\"@type\":\"ReadAction\",\"target\":[\"https:\/\/www.adqa.com\/ca\/ciberseguretat\/mes-informacio\/\"]}]},{\"@type\":\"BreadcrumbList\",\"@id\":\"https:\/\/www.adqa.com\/ca\/ciberseguretat\/mes-informacio\/#breadcrumb\",\"itemListElement\":[{\"@type\":\"ListItem\",\"position\":1,\"name\":\"Portada\",\"item\":\"https:\/\/www.adqa.com\/ca\/\"},{\"@type\":\"ListItem\",\"position\":2,\"name\":\"Ciberseguretat\",\"item\":\"https:\/\/www.adqa.com\/ca\/ciberseguretat\/\"},{\"@type\":\"ListItem\",\"position\":3,\"name\":\"M\u00c9S INFORMACI\u00d3\"}]},{\"@type\":\"WebSite\",\"@id\":\"https:\/\/www.adqa.com\/ca\/#website\",\"url\":\"https:\/\/www.adqa.com\/ca\/\",\"name\":\"ADQA\",\"description\":\"Inform\u00e1tica y Telecomunicaciones Vilanova i la Geltr\u00fa\",\"publisher\":{\"@id\":\"https:\/\/www.adqa.com\/ca\/#organization\"},\"potentialAction\":[{\"@type\":\"SearchAction\",\"target\":{\"@type\":\"EntryPoint\",\"urlTemplate\":\"https:\/\/www.adqa.com\/ca\/?s={search_term_string}\"},\"query-input\":\"required name=search_term_string\"}],\"inLanguage\":\"ca\"},{\"@type\":\"Organization\",\"@id\":\"https:\/\/www.adqa.com\/ca\/#organization\",\"name\":\"ADQA\",\"url\":\"https:\/\/www.adqa.com\/ca\/\",\"logo\":{\"@type\":\"ImageObject\",\"inLanguage\":\"ca\",\"@id\":\"https:\/\/www.adqa.com\/ca\/#\/schema\/logo\/image\/\",\"url\":\"https:\/\/www.adqa.com\/wp-content\/uploads\/2022\/03\/logo-180x60-1.png\",\"contentUrl\":\"https:\/\/www.adqa.com\/wp-content\/uploads\/2022\/03\/logo-180x60-1.png\",\"width\":180,\"height\":60,\"caption\":\"ADQA\"},\"image\":{\"@id\":\"https:\/\/www.adqa.com\/ca\/#\/schema\/logo\/image\/\"}}]}<\/script>\n<!-- \/ Yoast SEO plugin. -->","yoast_head_json":{"title":"M\u00c9S INFORMACI\u00d3 - ADQA","robots":{"index":"noindex","follow":"nofollow"},"og_locale":"ca_ES","og_type":"article","og_title":"M\u00c9S INFORMACI\u00d3 - ADQA","og_url":"https:\/\/www.adqa.com\/ca\/ciberseguretat\/mes-informacio\/","og_site_name":"ADQA","article_modified_time":"2023-09-04T14:03:54+00:00","twitter_card":"summary_large_image","schema":{"@context":"https:\/\/schema.org","@graph":[{"@type":"WebPage","@id":"https:\/\/www.adqa.com\/ca\/ciberseguretat\/mes-informacio\/","url":"https:\/\/www.adqa.com\/ca\/ciberseguretat\/mes-informacio\/","name":"M\u00c9S INFORMACI\u00d3 - ADQA","isPartOf":{"@id":"https:\/\/www.adqa.com\/ca\/#website"},"datePublished":"2022-04-04T15:53:24+00:00","dateModified":"2023-09-04T14:03:54+00:00","breadcrumb":{"@id":"https:\/\/www.adqa.com\/ca\/ciberseguretat\/mes-informacio\/#breadcrumb"},"inLanguage":"ca","potentialAction":[{"@type":"ReadAction","target":["https:\/\/www.adqa.com\/ca\/ciberseguretat\/mes-informacio\/"]}]},{"@type":"BreadcrumbList","@id":"https:\/\/www.adqa.com\/ca\/ciberseguretat\/mes-informacio\/#breadcrumb","itemListElement":[{"@type":"ListItem","position":1,"name":"Portada","item":"https:\/\/www.adqa.com\/ca\/"},{"@type":"ListItem","position":2,"name":"Ciberseguretat","item":"https:\/\/www.adqa.com\/ca\/ciberseguretat\/"},{"@type":"ListItem","position":3,"name":"M\u00c9S INFORMACI\u00d3"}]},{"@type":"WebSite","@id":"https:\/\/www.adqa.com\/ca\/#website","url":"https:\/\/www.adqa.com\/ca\/","name":"ADQA","description":"Inform\u00e1tica y Telecomunicaciones Vilanova i la Geltr\u00fa","publisher":{"@id":"https:\/\/www.adqa.com\/ca\/#organization"},"potentialAction":[{"@type":"SearchAction","target":{"@type":"EntryPoint","urlTemplate":"https:\/\/www.adqa.com\/ca\/?s={search_term_string}"},"query-input":"required name=search_term_string"}],"inLanguage":"ca"},{"@type":"Organization","@id":"https:\/\/www.adqa.com\/ca\/#organization","name":"ADQA","url":"https:\/\/www.adqa.com\/ca\/","logo":{"@type":"ImageObject","inLanguage":"ca","@id":"https:\/\/www.adqa.com\/ca\/#\/schema\/logo\/image\/","url":"https:\/\/www.adqa.com\/wp-content\/uploads\/2022\/03\/logo-180x60-1.png","contentUrl":"https:\/\/www.adqa.com\/wp-content\/uploads\/2022\/03\/logo-180x60-1.png","width":180,"height":60,"caption":"ADQA"},"image":{"@id":"https:\/\/www.adqa.com\/ca\/#\/schema\/logo\/image\/"}}]}},"_links":{"self":[{"href":"https:\/\/www.adqa.com\/ca\/wp-json\/wp\/v2\/pages\/8438"}],"collection":[{"href":"https:\/\/www.adqa.com\/ca\/wp-json\/wp\/v2\/pages"}],"about":[{"href":"https:\/\/www.adqa.com\/ca\/wp-json\/wp\/v2\/types\/page"}],"author":[{"embeddable":true,"href":"https:\/\/www.adqa.com\/ca\/wp-json\/wp\/v2\/users\/2"}],"replies":[{"embeddable":true,"href":"https:\/\/www.adqa.com\/ca\/wp-json\/wp\/v2\/comments?post=8438"}],"version-history":[{"count":0,"href":"https:\/\/www.adqa.com\/ca\/wp-json\/wp\/v2\/pages\/8438\/revisions"}],"up":[{"embeddable":true,"href":"https:\/\/www.adqa.com\/ca\/wp-json\/wp\/v2\/pages\/7724"}],"wp:attachment":[{"href":"https:\/\/www.adqa.com\/ca\/wp-json\/wp\/v2\/media?parent=8438"}],"curies":[{"name":"wp","href":"https:\/\/api.w.org\/{rel}","templated":true}]}}