{"id":7661,"date":"2022-11-17T14:12:22","date_gmt":"2022-11-17T14:12:22","guid":{"rendered":"https:\/\/www.adqa.com\/?page_id=7661"},"modified":"2024-11-06T13:52:22","modified_gmt":"2024-11-06T11:52:22","slug":"certificat-ens","status":"publish","type":"page","link":"https:\/\/www.adqa.com\/ca\/ciberseguretat\/mes-informacio\/certificat-ens\/","title":{"rendered":"Certificat ENS"},"content":{"rendered":"\t\t<div data-elementor-type=\"wp-page\" data-elementor-id=\"7661\" class=\"elementor elementor-7661 elementor-7660\" data-elementor-post-type=\"page\">\n\t\t\t\t\t\t<section class=\"elementor-section elementor-top-section elementor-element elementor-element-672d6a6 elementor-section-boxed elementor-section-height-default elementor-section-height-default\" data-id=\"672d6a6\" data-element_type=\"section\">\n\t\t\t\t\t\t<div class=\"elementor-container elementor-column-gap-default\">\n\t\t\t\t\t<div class=\"elementor-column elementor-col-100 elementor-top-column elementor-element elementor-element-8e0cd48\" data-id=\"8e0cd48\" data-element_type=\"column\">\n\t\t\t<div class=\"elementor-widget-wrap elementor-element-populated\">\n\t\t\t\t\t\t<div class=\"elementor-element elementor-element-d693a38 elementor-widget elementor-widget-text-editor\" data-id=\"d693a38\" data-element_type=\"widget\" data-widget_type=\"text-editor.default\">\n\t\t\t\t<div class=\"elementor-widget-container\">\n\t\t\t<style>\/*! elementor - v3.21.0 - 08-05-2024 *\/\n.elementor-widget-text-editor.elementor-drop-cap-view-stacked .elementor-drop-cap{background-color:#69727d;color:#fff}.elementor-widget-text-editor.elementor-drop-cap-view-framed .elementor-drop-cap{color:#69727d;border:3px solid;background-color:transparent}.elementor-widget-text-editor:not(.elementor-drop-cap-view-default) .elementor-drop-cap{margin-top:8px}.elementor-widget-text-editor:not(.elementor-drop-cap-view-default) .elementor-drop-cap-letter{width:1em;height:1em}.elementor-widget-text-editor .elementor-drop-cap{float:left;text-align:center;line-height:1;font-size:50px}.elementor-widget-text-editor .elementor-drop-cap-letter{display:inline-block}<\/style>\t\t\t\t<p>El <strong>certificat de l&#8217;Esquema Nacional de Seguretat<\/strong> acredita <strong>ADQA<\/strong> com una empresa que compleix tots els requisits d&#8217;aquesta acreditaci\u00f3 a la categoria <strong>ALTA<\/strong>. Ens converteix tamb\u00e9 en una de les poques empreses de l&#8217;estat a disposar d&#8217;aquest certificat en aquesta categoria, ja que no arriben a dues-centes les que ho han aconseguit fins ara.<\/p><p>Per als nostres clients i partners \u00e9s una garantia que prestem els nostres serveis observant els est\u00e0ndards m\u00e9s alts en ciberseguretat, i ens posiciona com a especialistes en la securitzaci\u00f3 d&#8217;instal\u00b7lacions TIC.<\/p>\t\t\t\t\t\t<\/div>\n\t\t\t\t<\/div>\n\t\t\t\t\t<\/div>\n\t\t<\/div>\n\t\t\t\t\t<\/div>\n\t\t<\/section>\n\t\t\t\t<section class=\"elementor-section elementor-top-section elementor-element elementor-element-ab2bfe2 elementor-section-boxed elementor-section-height-default elementor-section-height-default\" data-id=\"ab2bfe2\" data-element_type=\"section\">\n\t\t\t\t\t\t<div class=\"elementor-container elementor-column-gap-default\">\n\t\t\t\t\t<div class=\"elementor-column elementor-col-100 elementor-top-column elementor-element elementor-element-7ebc668\" data-id=\"7ebc668\" data-element_type=\"column\">\n\t\t\t<div class=\"elementor-widget-wrap elementor-element-populated\">\n\t\t\t\t\t\t<div class=\"elementor-element elementor-element-476affc elementor-widget elementor-widget-image\" data-id=\"476affc\" data-element_type=\"widget\" data-widget_type=\"image.default\">\n\t\t\t\t<div class=\"elementor-widget-container\">\n\t\t\t<style>\/*! elementor - v3.21.0 - 08-05-2024 *\/\n.elementor-widget-image{text-align:center}.elementor-widget-image a{display:inline-block}.elementor-widget-image a img[src$=\".svg\"]{width:48px}.elementor-widget-image img{vertical-align:middle;display:inline-block}<\/style>\t\t\t\t\t\t\t\t\t\t\t<a href=\"https:\/\/www.adqa.com\/wp-content\/uploads\/2024\/11\/ENS-GRUPO-ADQA_signed.pdf\" target=\"_blank\">\n\t\t\t\t\t\t\t<img fetchpriority=\"high\" decoding=\"async\" width=\"768\" height=\"1070\" src=\"https:\/\/www.adqa.com\/wp-content\/uploads\/2024\/11\/ENS-GRUPO-ADQA_signed-1.jpg\" class=\"attachment-full size-full wp-image-9779\" alt=\"\" srcset=\"https:\/\/www.adqa.com\/wp-content\/uploads\/2024\/11\/ENS-GRUPO-ADQA_signed-1.jpg 768w, https:\/\/www.adqa.com\/wp-content\/uploads\/2024\/11\/ENS-GRUPO-ADQA_signed-1-215x300.jpg 215w, https:\/\/www.adqa.com\/wp-content\/uploads\/2024\/11\/ENS-GRUPO-ADQA_signed-1-735x1024.jpg 735w\" sizes=\"(max-width: 768px) 100vw, 768px\" \/>\t\t\t\t\t\t\t\t<\/a>\n\t\t\t\t\t\t\t\t\t\t\t\t\t<\/div>\n\t\t\t\t<\/div>\n\t\t\t\t\t<\/div>\n\t\t<\/div>\n\t\t\t\t\t<\/div>\n\t\t<\/section>\n\t\t\t\t<\/div>\n\t\t","protected":false},"excerpt":{"rendered":"<p>El certificat de l&#8217;Esquema Nacional de Seguretat acredita ADQA com una empresa que compleix tots els requisits d&#8217;aquesta acreditaci\u00f3 a la categoria ALTA. Ens converteix tamb\u00e9 en una de les poques empreses de l&#8217;estat a disposar d&#8217;aquest certificat en aquesta categoria, ja que no arriben a dues-centes les que ho han aconseguit fins ara. Per [&hellip;]<\/p>\n","protected":false},"author":2,"featured_media":0,"parent":8438,"menu_order":0,"comment_status":"closed","ping_status":"closed","template":"","meta":{"site-sidebar-layout":"no-sidebar","site-content-layout":"page-builder","ast-site-content-layout":"","site-content-style":"default","site-sidebar-style":"default","ast-global-header-display":"","ast-banner-title-visibility":"","ast-main-header-display":"","ast-hfb-above-header-display":"","ast-hfb-below-header-display":"","ast-hfb-mobile-header-display":"","site-post-title":"disabled","ast-breadcrumbs-content":"","ast-featured-img":"disabled","footer-sml-layout":"","theme-transparent-header-meta":"","adv-header-id-meta":"","stick-header-meta":"","header-above-stick-meta":"","header-main-stick-meta":"","header-below-stick-meta":"","astra-migrate-meta-layouts":"default","ast-page-background-enabled":"default","ast-page-background-meta":{"desktop":{"background-color":"","background-image":"","background-repeat":"repeat","background-position":"center center","background-size":"auto","background-attachment":"scroll","background-type":"","background-media":"","overlay-type":"","overlay-color":"","overlay-gradient":""},"tablet":{"background-color":"","background-image":"","background-repeat":"repeat","background-position":"center center","background-size":"auto","background-attachment":"scroll","background-type":"","background-media":"","overlay-type":"","overlay-color":"","overlay-gradient":""},"mobile":{"background-color":"","background-image":"","background-repeat":"repeat","background-position":"center center","background-size":"auto","background-attachment":"scroll","background-type":"","background-media":"","overlay-type":"","overlay-color":"","overlay-gradient":""}},"ast-content-background-meta":{"desktop":{"background-color":"var(--ast-global-color-5)","background-image":"","background-repeat":"repeat","background-position":"center center","background-size":"auto","background-attachment":"scroll","background-type":"","background-media":"","overlay-type":"","overlay-color":"","overlay-gradient":""},"tablet":{"background-color":"var(--ast-global-color-5)","background-image":"","background-repeat":"repeat","background-position":"center center","background-size":"auto","background-attachment":"scroll","background-type":"","background-media":"","overlay-type":"","overlay-color":"","overlay-gradient":""},"mobile":{"background-color":"var(--ast-global-color-5)","background-image":"","background-repeat":"repeat","background-position":"center center","background-size":"auto","background-attachment":"scroll","background-type":"","background-media":"","overlay-type":"","overlay-color":"","overlay-gradient":""}},"footnotes":""},"yoast_head":"<!-- This site is optimized with the Yoast SEO plugin v22.7 - https:\/\/yoast.com\/wordpress\/plugins\/seo\/ -->\n<title>Certificat ENS - ADQA<\/title>\n<meta name=\"description\" content=\"A ADQA estem compromesos amb la seguretat, per aix\u00f2 disposem del certificat de l&#039;Esquema Nacional de Seguretat ENS, amb categoria ALTA.\" \/>\n<meta name=\"robots\" content=\"index, follow, max-snippet:-1, max-image-preview:large, max-video-preview:-1\" \/>\n<link rel=\"canonical\" href=\"https:\/\/www.adqa.com\/ca\/ciberseguretat\/mes-informacio\/certificat-ens\/\" \/>\n<meta property=\"og:locale\" content=\"ca_ES\" \/>\n<meta property=\"og:type\" content=\"article\" \/>\n<meta property=\"og:title\" content=\"Certificat ENS - ADQA\" \/>\n<meta property=\"og:description\" content=\"A ADQA estem compromesos amb la seguretat, per aix\u00f2 disposem del certificat de l&#039;Esquema Nacional de Seguretat ENS, amb categoria ALTA.\" \/>\n<meta property=\"og:url\" content=\"https:\/\/www.adqa.com\/ca\/ciberseguretat\/mes-informacio\/certificat-ens\/\" \/>\n<meta property=\"og:site_name\" content=\"ADQA\" \/>\n<meta property=\"article:modified_time\" content=\"2024-11-06T11:52:22+00:00\" \/>\n<meta property=\"og:image\" content=\"https:\/\/www.adqa.com\/wp-content\/uploads\/2024\/11\/ENS-GRUPO-ADQA_signed-1.jpg\" \/>\n<meta name=\"twitter:card\" content=\"summary_large_image\" \/>\n<meta name=\"twitter:label1\" content=\"Temps estimat de lectura\" \/>\n\t<meta name=\"twitter:data1\" content=\"1 minut\" \/>\n<script type=\"application\/ld+json\" class=\"yoast-schema-graph\">{\"@context\":\"https:\/\/schema.org\",\"@graph\":[{\"@type\":\"WebPage\",\"@id\":\"https:\/\/www.adqa.com\/ca\/ciberseguretat\/mes-informacio\/certificat-ens\/\",\"url\":\"https:\/\/www.adqa.com\/ca\/ciberseguretat\/mes-informacio\/certificat-ens\/\",\"name\":\"Certificat ENS - ADQA\",\"isPartOf\":{\"@id\":\"https:\/\/www.adqa.com\/ca\/#website\"},\"primaryImageOfPage\":{\"@id\":\"https:\/\/www.adqa.com\/ca\/ciberseguretat\/mes-informacio\/certificat-ens\/#primaryimage\"},\"image\":{\"@id\":\"https:\/\/www.adqa.com\/ca\/ciberseguretat\/mes-informacio\/certificat-ens\/#primaryimage\"},\"thumbnailUrl\":\"https:\/\/www.adqa.com\/wp-content\/uploads\/2024\/11\/ENS-GRUPO-ADQA_signed-1.jpg\",\"datePublished\":\"2022-11-17T14:12:22+00:00\",\"dateModified\":\"2024-11-06T11:52:22+00:00\",\"description\":\"A ADQA estem compromesos amb la seguretat, per aix\u00f2 disposem del certificat de l'Esquema Nacional de Seguretat ENS, amb categoria ALTA.\",\"breadcrumb\":{\"@id\":\"https:\/\/www.adqa.com\/ca\/ciberseguretat\/mes-informacio\/certificat-ens\/#breadcrumb\"},\"inLanguage\":\"ca\",\"potentialAction\":[{\"@type\":\"ReadAction\",\"target\":[\"https:\/\/www.adqa.com\/ca\/ciberseguretat\/mes-informacio\/certificat-ens\/\"]}]},{\"@type\":\"ImageObject\",\"inLanguage\":\"ca\",\"@id\":\"https:\/\/www.adqa.com\/ca\/ciberseguretat\/mes-informacio\/certificat-ens\/#primaryimage\",\"url\":\"https:\/\/www.adqa.com\/wp-content\/uploads\/2024\/11\/ENS-GRUPO-ADQA_signed-1.jpg\",\"contentUrl\":\"https:\/\/www.adqa.com\/wp-content\/uploads\/2024\/11\/ENS-GRUPO-ADQA_signed-1.jpg\"},{\"@type\":\"BreadcrumbList\",\"@id\":\"https:\/\/www.adqa.com\/ca\/ciberseguretat\/mes-informacio\/certificat-ens\/#breadcrumb\",\"itemListElement\":[{\"@type\":\"ListItem\",\"position\":1,\"name\":\"Portada\",\"item\":\"https:\/\/www.adqa.com\/ca\/\"},{\"@type\":\"ListItem\",\"position\":2,\"name\":\"Ciberseguretat\",\"item\":\"https:\/\/www.adqa.com\/ca\/ciberseguretat\/\"},{\"@type\":\"ListItem\",\"position\":3,\"name\":\"M\u00c9S INFORMACI\u00d3\",\"item\":\"https:\/\/www.adqa.com\/ca\/ciberseguretat\/mes-informacio\/\"},{\"@type\":\"ListItem\",\"position\":4,\"name\":\"Certificat ENS\"}]},{\"@type\":\"WebSite\",\"@id\":\"https:\/\/www.adqa.com\/ca\/#website\",\"url\":\"https:\/\/www.adqa.com\/ca\/\",\"name\":\"ADQA\",\"description\":\"Inform\u00e1tica y Telecomunicaciones Vilanova i la Geltr\u00fa\",\"publisher\":{\"@id\":\"https:\/\/www.adqa.com\/ca\/#organization\"},\"potentialAction\":[{\"@type\":\"SearchAction\",\"target\":{\"@type\":\"EntryPoint\",\"urlTemplate\":\"https:\/\/www.adqa.com\/ca\/?s={search_term_string}\"},\"query-input\":\"required name=search_term_string\"}],\"inLanguage\":\"ca\"},{\"@type\":\"Organization\",\"@id\":\"https:\/\/www.adqa.com\/ca\/#organization\",\"name\":\"ADQA\",\"url\":\"https:\/\/www.adqa.com\/ca\/\",\"logo\":{\"@type\":\"ImageObject\",\"inLanguage\":\"ca\",\"@id\":\"https:\/\/www.adqa.com\/ca\/#\/schema\/logo\/image\/\",\"url\":\"https:\/\/www.adqa.com\/wp-content\/uploads\/2022\/03\/logo-180x60-1.png\",\"contentUrl\":\"https:\/\/www.adqa.com\/wp-content\/uploads\/2022\/03\/logo-180x60-1.png\",\"width\":180,\"height\":60,\"caption\":\"ADQA\"},\"image\":{\"@id\":\"https:\/\/www.adqa.com\/ca\/#\/schema\/logo\/image\/\"}}]}<\/script>\n<!-- \/ Yoast SEO plugin. -->","yoast_head_json":{"title":"Certificat ENS - ADQA","description":"A ADQA estem compromesos amb la seguretat, per aix\u00f2 disposem del certificat de l'Esquema Nacional de Seguretat ENS, amb categoria ALTA.","robots":{"index":"index","follow":"follow","max-snippet":"max-snippet:-1","max-image-preview":"max-image-preview:large","max-video-preview":"max-video-preview:-1"},"canonical":"https:\/\/www.adqa.com\/ca\/ciberseguretat\/mes-informacio\/certificat-ens\/","og_locale":"ca_ES","og_type":"article","og_title":"Certificat ENS - ADQA","og_description":"A ADQA estem compromesos amb la seguretat, per aix\u00f2 disposem del certificat de l'Esquema Nacional de Seguretat ENS, amb categoria ALTA.","og_url":"https:\/\/www.adqa.com\/ca\/ciberseguretat\/mes-informacio\/certificat-ens\/","og_site_name":"ADQA","article_modified_time":"2024-11-06T11:52:22+00:00","og_image":[{"url":"https:\/\/www.adqa.com\/wp-content\/uploads\/2024\/11\/ENS-GRUPO-ADQA_signed-1.jpg"}],"twitter_card":"summary_large_image","twitter_misc":{"Temps estimat de lectura":"1 minut"},"schema":{"@context":"https:\/\/schema.org","@graph":[{"@type":"WebPage","@id":"https:\/\/www.adqa.com\/ca\/ciberseguretat\/mes-informacio\/certificat-ens\/","url":"https:\/\/www.adqa.com\/ca\/ciberseguretat\/mes-informacio\/certificat-ens\/","name":"Certificat ENS - ADQA","isPartOf":{"@id":"https:\/\/www.adqa.com\/ca\/#website"},"primaryImageOfPage":{"@id":"https:\/\/www.adqa.com\/ca\/ciberseguretat\/mes-informacio\/certificat-ens\/#primaryimage"},"image":{"@id":"https:\/\/www.adqa.com\/ca\/ciberseguretat\/mes-informacio\/certificat-ens\/#primaryimage"},"thumbnailUrl":"https:\/\/www.adqa.com\/wp-content\/uploads\/2024\/11\/ENS-GRUPO-ADQA_signed-1.jpg","datePublished":"2022-11-17T14:12:22+00:00","dateModified":"2024-11-06T11:52:22+00:00","description":"A ADQA estem compromesos amb la seguretat, per aix\u00f2 disposem del certificat de l'Esquema Nacional de Seguretat ENS, amb categoria ALTA.","breadcrumb":{"@id":"https:\/\/www.adqa.com\/ca\/ciberseguretat\/mes-informacio\/certificat-ens\/#breadcrumb"},"inLanguage":"ca","potentialAction":[{"@type":"ReadAction","target":["https:\/\/www.adqa.com\/ca\/ciberseguretat\/mes-informacio\/certificat-ens\/"]}]},{"@type":"ImageObject","inLanguage":"ca","@id":"https:\/\/www.adqa.com\/ca\/ciberseguretat\/mes-informacio\/certificat-ens\/#primaryimage","url":"https:\/\/www.adqa.com\/wp-content\/uploads\/2024\/11\/ENS-GRUPO-ADQA_signed-1.jpg","contentUrl":"https:\/\/www.adqa.com\/wp-content\/uploads\/2024\/11\/ENS-GRUPO-ADQA_signed-1.jpg"},{"@type":"BreadcrumbList","@id":"https:\/\/www.adqa.com\/ca\/ciberseguretat\/mes-informacio\/certificat-ens\/#breadcrumb","itemListElement":[{"@type":"ListItem","position":1,"name":"Portada","item":"https:\/\/www.adqa.com\/ca\/"},{"@type":"ListItem","position":2,"name":"Ciberseguretat","item":"https:\/\/www.adqa.com\/ca\/ciberseguretat\/"},{"@type":"ListItem","position":3,"name":"M\u00c9S INFORMACI\u00d3","item":"https:\/\/www.adqa.com\/ca\/ciberseguretat\/mes-informacio\/"},{"@type":"ListItem","position":4,"name":"Certificat ENS"}]},{"@type":"WebSite","@id":"https:\/\/www.adqa.com\/ca\/#website","url":"https:\/\/www.adqa.com\/ca\/","name":"ADQA","description":"Inform\u00e1tica y Telecomunicaciones Vilanova i la Geltr\u00fa","publisher":{"@id":"https:\/\/www.adqa.com\/ca\/#organization"},"potentialAction":[{"@type":"SearchAction","target":{"@type":"EntryPoint","urlTemplate":"https:\/\/www.adqa.com\/ca\/?s={search_term_string}"},"query-input":"required name=search_term_string"}],"inLanguage":"ca"},{"@type":"Organization","@id":"https:\/\/www.adqa.com\/ca\/#organization","name":"ADQA","url":"https:\/\/www.adqa.com\/ca\/","logo":{"@type":"ImageObject","inLanguage":"ca","@id":"https:\/\/www.adqa.com\/ca\/#\/schema\/logo\/image\/","url":"https:\/\/www.adqa.com\/wp-content\/uploads\/2022\/03\/logo-180x60-1.png","contentUrl":"https:\/\/www.adqa.com\/wp-content\/uploads\/2022\/03\/logo-180x60-1.png","width":180,"height":60,"caption":"ADQA"},"image":{"@id":"https:\/\/www.adqa.com\/ca\/#\/schema\/logo\/image\/"}}]}},"_links":{"self":[{"href":"https:\/\/www.adqa.com\/ca\/wp-json\/wp\/v2\/pages\/7661"}],"collection":[{"href":"https:\/\/www.adqa.com\/ca\/wp-json\/wp\/v2\/pages"}],"about":[{"href":"https:\/\/www.adqa.com\/ca\/wp-json\/wp\/v2\/types\/page"}],"author":[{"embeddable":true,"href":"https:\/\/www.adqa.com\/ca\/wp-json\/wp\/v2\/users\/2"}],"replies":[{"embeddable":true,"href":"https:\/\/www.adqa.com\/ca\/wp-json\/wp\/v2\/comments?post=7661"}],"version-history":[{"count":0,"href":"https:\/\/www.adqa.com\/ca\/wp-json\/wp\/v2\/pages\/7661\/revisions"}],"up":[{"embeddable":true,"href":"https:\/\/www.adqa.com\/ca\/wp-json\/wp\/v2\/pages\/8438"}],"wp:attachment":[{"href":"https:\/\/www.adqa.com\/ca\/wp-json\/wp\/v2\/media?parent=7661"}],"curies":[{"name":"wp","href":"https:\/\/api.w.org\/{rel}","templated":true}]}}