{"id":5757,"date":"2022-03-29T14:51:39","date_gmt":"2022-03-29T14:51:39","guid":{"rendered":"http:\/\/www.newadqa.com.mialias.net\/informacio-corporativa\/oferta-feina\/oferta-empleo-comerciales\/"},"modified":"2023-01-02T15:58:47","modified_gmt":"2023-01-02T15:58:47","slug":"oferta-feina-comercials","status":"publish","type":"page","link":"https:\/\/www.adqa.com\/ca\/informacio-corporativa\/oferta-feina\/oferta-feina-comercials\/","title":{"rendered":"Oferta de feina per a Comercials de Telecomunicacions"},"content":{"rendered":"\t\t<div data-elementor-type=\"wp-page\" data-elementor-id=\"5757\" class=\"elementor elementor-5757 elementor-1359\" data-elementor-post-type=\"page\">\n\t\t\t\t\t\t<section class=\"elementor-section elementor-top-section elementor-element elementor-element-1505675 elementor-section-boxed elementor-section-height-default elementor-section-height-default\" data-id=\"1505675\" data-element_type=\"section\" data-settings=\"{&quot;background_background&quot;:&quot;classic&quot;}\">\n\t\t\t\t\t\t<div class=\"elementor-container elementor-column-gap-default\">\n\t\t\t\t\t<div class=\"elementor-column elementor-col-100 elementor-top-column elementor-element elementor-element-d1f387e\" data-id=\"d1f387e\" data-element_type=\"column\">\n\t\t\t<div class=\"elementor-widget-wrap elementor-element-populated\">\n\t\t\t\t\t\t<div class=\"elementor-element elementor-element-6f25d95 elementor-widget elementor-widget-heading\" data-id=\"6f25d95\" data-element_type=\"widget\" data-widget_type=\"heading.default\">\n\t\t\t\t<div class=\"elementor-widget-container\">\n\t\t\t<style>\/*! elementor - v3.21.0 - 08-05-2024 *\/\n.elementor-heading-title{padding:0;margin:0;line-height:1}.elementor-widget-heading .elementor-heading-title[class*=elementor-size-]>a{color:inherit;font-size:inherit;line-height:inherit}.elementor-widget-heading .elementor-heading-title.elementor-size-small{font-size:15px}.elementor-widget-heading .elementor-heading-title.elementor-size-medium{font-size:19px}.elementor-widget-heading .elementor-heading-title.elementor-size-large{font-size:29px}.elementor-widget-heading .elementor-heading-title.elementor-size-xl{font-size:39px}.elementor-widget-heading .elementor-heading-title.elementor-size-xxl{font-size:59px}<\/style><span class=\"elementor-heading-title elementor-size-default\">Treballa amb nosaltres<\/span>\t\t<\/div>\n\t\t\t\t<\/div>\n\t\t\t\t\t<\/div>\n\t\t<\/div>\n\t\t\t\t\t<\/div>\n\t\t<\/section>\n\t\t\t\t<section class=\"elementor-section elementor-top-section elementor-element elementor-element-ac8cafc elementor-section-boxed elementor-section-height-default elementor-section-height-default\" data-id=\"ac8cafc\" data-element_type=\"section\">\n\t\t\t\t\t\t<div class=\"elementor-container elementor-column-gap-default\">\n\t\t\t\t\t<div class=\"elementor-column elementor-col-100 elementor-top-column elementor-element elementor-element-5f37ed5\" data-id=\"5f37ed5\" data-element_type=\"column\">\n\t\t\t<div class=\"elementor-widget-wrap elementor-element-populated\">\n\t\t\t\t\t\t<div class=\"elementor-element elementor-element-39f08a7 elementor-widget elementor-widget-heading\" data-id=\"39f08a7\" data-element_type=\"widget\" data-widget_type=\"heading.default\">\n\t\t\t\t<div class=\"elementor-widget-container\">\n\t\t\t<h1 class=\"elementor-heading-title elementor-size-default\">Oferta de feina per a Comercials de Telecomunicacions<\/h1>\t\t<\/div>\n\t\t\t\t<\/div>\n\t\t\t\t<div class=\"elementor-element elementor-element-b4462ec elementor-widget elementor-widget-text-editor\" data-id=\"b4462ec\" data-element_type=\"widget\" data-widget_type=\"text-editor.default\">\n\t\t\t\t<div class=\"elementor-widget-container\">\n\t\t\t<style>\/*! elementor - v3.21.0 - 08-05-2024 *\/\n.elementor-widget-text-editor.elementor-drop-cap-view-stacked .elementor-drop-cap{background-color:#69727d;color:#fff}.elementor-widget-text-editor.elementor-drop-cap-view-framed .elementor-drop-cap{color:#69727d;border:3px solid;background-color:transparent}.elementor-widget-text-editor:not(.elementor-drop-cap-view-default) .elementor-drop-cap{margin-top:8px}.elementor-widget-text-editor:not(.elementor-drop-cap-view-default) .elementor-drop-cap-letter{width:1em;height:1em}.elementor-widget-text-editor .elementor-drop-cap{float:left;text-align:center;line-height:1;font-size:50px}.elementor-widget-text-editor .elementor-drop-cap-letter{display:inline-block}<\/style>\t\t\t\t<strong>Tipus d\u2019ocupaci\u00f3:<\/strong> Jornada Completa\t\t\t\t\t\t<\/div>\n\t\t\t\t<\/div>\n\t\t\t\t<div class=\"elementor-element elementor-element-f1f053e elementor-widget elementor-widget-heading\" data-id=\"f1f053e\" data-element_type=\"widget\" data-widget_type=\"heading.default\">\n\t\t\t\t<div class=\"elementor-widget-container\">\n\t\t\t<h2 class=\"elementor-heading-title elementor-size-default\">REQUISITS<\/h2>\t\t<\/div>\n\t\t\t\t<\/div>\n\t\t\t\t<div class=\"elementor-element elementor-element-328fd4a elementor-widget elementor-widget-text-editor\" data-id=\"328fd4a\" data-element_type=\"widget\" data-widget_type=\"text-editor.default\">\n\t\t\t\t<div class=\"elementor-widget-container\">\n\t\t\t\t\t\t\t<ul><li><strong>Experiencia en la venda de serveis de telecomunicacions amb valor afegit: conectivitat a Internet, sistemes cloud, telefonia, networking, etc..<\/strong><\/li><li>Coneixements d\u2019Inform\u00e0tica i Telecomunicacions demostrable<\/li><li>Capacitat d\u2019An\u00e0lisis, comunicaci\u00f3 i ser persona responsable<\/li><li>Experi\u00e8ncia laboral demostrable en l&#8217;\u00e0mbit comercial<\/li><li>Disposar de coneixements en:<ul><li>Gesti\u00f3 de cartera de clients<\/li><li>Inform\u00e0tica empresarial<\/li><li>Telecomunicacions<\/li><\/ul><\/li><li>Cotxe propi<\/li><li>Carnet de tipus B<\/li><\/ul>\t\t\t\t\t\t<\/div>\n\t\t\t\t<\/div>\n\t\t\t\t<div class=\"elementor-element elementor-element-e72991d elementor-widget elementor-widget-heading\" data-id=\"e72991d\" data-element_type=\"widget\" data-widget_type=\"heading.default\">\n\t\t\t\t<div class=\"elementor-widget-container\">\n\t\t\t<h2 class=\"elementor-heading-title elementor-size-default\">RESPONSABILITATS<\/h2>\t\t<\/div>\n\t\t\t\t<\/div>\n\t\t\t\t<div class=\"elementor-element elementor-element-9a55717 elementor-widget elementor-widget-text-editor\" data-id=\"9a55717\" data-element_type=\"widget\" data-widget_type=\"text-editor.default\">\n\t\t\t\t<div class=\"elementor-widget-container\">\n\t\t\t\t\t\t\t<p>Passaria a formar part del departament comercial on s\u2019ocuparia de:<\/p>\n<ul>\n<li>Exploraci\u00f3 d&#8217;oportunitats comercials<\/li><li>Gesti\u00f3 de la cartera de clients<\/li>\n<li>Elaboraci\u00f3 i seguiment comercial de pressupostos d\u2019instal\u00b7lacions i manteniments d\u2019inform\u00e0tica i telecomunicacions<\/li>\n<li>Gesti\u00f3 de projectes<\/li>\n<\/ul>\t\t\t\t\t\t<\/div>\n\t\t\t\t<\/div>\n\t\t\t\t<div class=\"elementor-element elementor-element-de65379 elementor-widget elementor-widget-text-editor\" data-id=\"de65379\" data-element_type=\"widget\" data-widget_type=\"text-editor.default\">\n\t\t\t\t<div class=\"elementor-widget-container\">\n\t\t\t\t\t\t\t<p>Si creus que compleixes amb el perfil, i t\u2019interessa la feina, envia\u2019ns el teu curr\u00edculum a <a href=\"mailto:cv@adqa.com\">cv@adqa.com<\/a><\/p>\t\t\t\t\t\t<\/div>\n\t\t\t\t<\/div>\n\t\t\t\t\t<\/div>\n\t\t<\/div>\n\t\t\t\t\t<\/div>\n\t\t<\/section>\n\t\t\t\t<\/div>\n\t\t","protected":false},"excerpt":{"rendered":"<p>Treballa amb nosaltres Tipus d\u2019ocupaci\u00f3: Jornada Completa REQUISITS Experiencia en la venda de serveis de telecomunicacions amb valor afegit: conectivitat a Internet, sistemes cloud, telefonia, networking, etc.. Coneixements d\u2019Inform\u00e0tica i Telecomunicacions demostrable Capacitat d\u2019An\u00e0lisis, comunicaci\u00f3 i ser persona responsable Experi\u00e8ncia laboral demostrable en l&#8217;\u00e0mbit comercial Disposar de coneixements en: Gesti\u00f3 de cartera de clients Inform\u00e0tica [&hellip;]<\/p>\n","protected":false},"author":2,"featured_media":0,"parent":5750,"menu_order":0,"comment_status":"closed","ping_status":"closed","template":"","meta":{"site-sidebar-layout":"no-sidebar","site-content-layout":"page-builder","ast-site-content-layout":"","site-content-style":"default","site-sidebar-style":"default","ast-global-header-display":"","ast-banner-title-visibility":"","ast-main-header-display":"","ast-hfb-above-header-display":"","ast-hfb-below-header-display":"","ast-hfb-mobile-header-display":"","site-post-title":"disabled","ast-breadcrumbs-content":"","ast-featured-img":"disabled","footer-sml-layout":"","theme-transparent-header-meta":"","adv-header-id-meta":"","stick-header-meta":"","header-above-stick-meta":"","header-main-stick-meta":"","header-below-stick-meta":"","astra-migrate-meta-layouts":"default","ast-page-background-enabled":"default","ast-page-background-meta":{"desktop":{"background-color":"","background-image":"","background-repeat":"repeat","background-position":"center center","background-size":"auto","background-attachment":"scroll","background-type":"","background-media":"","overlay-type":"","overlay-color":"","overlay-gradient":""},"tablet":{"background-color":"","background-image":"","background-repeat":"repeat","background-position":"center center","background-size":"auto","background-attachment":"scroll","background-type":"","background-media":"","overlay-type":"","overlay-color":"","overlay-gradient":""},"mobile":{"background-color":"","background-image":"","background-repeat":"repeat","background-position":"center center","background-size":"auto","background-attachment":"scroll","background-type":"","background-media":"","overlay-type":"","overlay-color":"","overlay-gradient":""}},"ast-content-background-meta":{"desktop":{"background-color":"var(--ast-global-color-5)","background-image":"","background-repeat":"repeat","background-position":"center center","background-size":"auto","background-attachment":"scroll","background-type":"","background-media":"","overlay-type":"","overlay-color":"","overlay-gradient":""},"tablet":{"background-color":"var(--ast-global-color-5)","background-image":"","background-repeat":"repeat","background-position":"center center","background-size":"auto","background-attachment":"scroll","background-type":"","background-media":"","overlay-type":"","overlay-color":"","overlay-gradient":""},"mobile":{"background-color":"var(--ast-global-color-5)","background-image":"","background-repeat":"repeat","background-position":"center center","background-size":"auto","background-attachment":"scroll","background-type":"","background-media":"","overlay-type":"","overlay-color":"","overlay-gradient":""}},"footnotes":""},"yoast_head":"<!-- This site is optimized with the Yoast SEO plugin v22.7 - https:\/\/yoast.com\/wordpress\/plugins\/seo\/ -->\n<title>Oferta de feina per a Comercials de Telecomunicacions - ADQA<\/title>\n<meta name=\"description\" content=\"Vols treballar amb nosaltres? Busquem personal, a jornada completa, pel departament de Comercial. Envia&#039;ns el teu curr\u00edculum.\" \/>\n<meta name=\"robots\" content=\"index, follow, max-snippet:-1, max-image-preview:large, max-video-preview:-1\" \/>\n<link rel=\"canonical\" href=\"https:\/\/www.adqa.com\/ca\/informacio-corporativa\/oferta-feina\/oferta-feina-comercials\/\" \/>\n<meta property=\"og:locale\" content=\"ca_ES\" \/>\n<meta property=\"og:type\" content=\"article\" \/>\n<meta property=\"og:title\" content=\"Oferta de feina per a Comercials de Telecomunicacions - ADQA\" \/>\n<meta property=\"og:description\" content=\"Vols treballar amb nosaltres? Busquem personal, a jornada completa, pel departament de Comercial. Envia&#039;ns el teu curr\u00edculum.\" \/>\n<meta property=\"og:url\" content=\"https:\/\/www.adqa.com\/ca\/informacio-corporativa\/oferta-feina\/oferta-feina-comercials\/\" \/>\n<meta property=\"og:site_name\" content=\"ADQA\" \/>\n<meta property=\"article:modified_time\" content=\"2023-01-02T15:58:47+00:00\" \/>\n<meta name=\"twitter:card\" content=\"summary_large_image\" \/>\n<meta name=\"twitter:label1\" content=\"Temps estimat de lectura\" \/>\n\t<meta name=\"twitter:data1\" content=\"1 minut\" \/>\n<script type=\"application\/ld+json\" class=\"yoast-schema-graph\">{\"@context\":\"https:\/\/schema.org\",\"@graph\":[{\"@type\":\"WebPage\",\"@id\":\"https:\/\/www.adqa.com\/ca\/informacio-corporativa\/oferta-feina\/oferta-feina-comercials\/\",\"url\":\"https:\/\/www.adqa.com\/ca\/informacio-corporativa\/oferta-feina\/oferta-feina-comercials\/\",\"name\":\"Oferta de feina per a Comercials de Telecomunicacions - ADQA\",\"isPartOf\":{\"@id\":\"https:\/\/www.adqa.com\/ca\/#website\"},\"datePublished\":\"2022-03-29T14:51:39+00:00\",\"dateModified\":\"2023-01-02T15:58:47+00:00\",\"description\":\"Vols treballar amb nosaltres? Busquem personal, a jornada completa, pel departament de Comercial. Envia'ns el teu curr\u00edculum.\",\"breadcrumb\":{\"@id\":\"https:\/\/www.adqa.com\/ca\/informacio-corporativa\/oferta-feina\/oferta-feina-comercials\/#breadcrumb\"},\"inLanguage\":\"ca\",\"potentialAction\":[{\"@type\":\"ReadAction\",\"target\":[\"https:\/\/www.adqa.com\/ca\/informacio-corporativa\/oferta-feina\/oferta-feina-comercials\/\"]}]},{\"@type\":\"BreadcrumbList\",\"@id\":\"https:\/\/www.adqa.com\/ca\/informacio-corporativa\/oferta-feina\/oferta-feina-comercials\/#breadcrumb\",\"itemListElement\":[{\"@type\":\"ListItem\",\"position\":1,\"name\":\"Portada\",\"item\":\"https:\/\/www.adqa.com\/ca\/\"},{\"@type\":\"ListItem\",\"position\":2,\"name\":\"Informaci\u00f3 Corporativa\",\"item\":\"https:\/\/www.adqa.com\/ca\/informacio-corporativa\/\"},{\"@type\":\"ListItem\",\"position\":3,\"name\":\"Treballa amb nosaltres\",\"item\":\"https:\/\/www.adqa.com\/ca\/informacion-corporativa\/oferta-empleo\/\"},{\"@type\":\"ListItem\",\"position\":4,\"name\":\"Oferta de feina per a Comercials de Telecomunicacions\"}]},{\"@type\":\"WebSite\",\"@id\":\"https:\/\/www.adqa.com\/ca\/#website\",\"url\":\"https:\/\/www.adqa.com\/ca\/\",\"name\":\"ADQA\",\"description\":\"Inform\u00e1tica y Telecomunicaciones Vilanova i la Geltr\u00fa\",\"publisher\":{\"@id\":\"https:\/\/www.adqa.com\/ca\/#organization\"},\"potentialAction\":[{\"@type\":\"SearchAction\",\"target\":{\"@type\":\"EntryPoint\",\"urlTemplate\":\"https:\/\/www.adqa.com\/ca\/?s={search_term_string}\"},\"query-input\":\"required name=search_term_string\"}],\"inLanguage\":\"ca\"},{\"@type\":\"Organization\",\"@id\":\"https:\/\/www.adqa.com\/ca\/#organization\",\"name\":\"ADQA\",\"url\":\"https:\/\/www.adqa.com\/ca\/\",\"logo\":{\"@type\":\"ImageObject\",\"inLanguage\":\"ca\",\"@id\":\"https:\/\/www.adqa.com\/ca\/#\/schema\/logo\/image\/\",\"url\":\"https:\/\/www.adqa.com\/wp-content\/uploads\/2022\/03\/logo-180x60-1.png\",\"contentUrl\":\"https:\/\/www.adqa.com\/wp-content\/uploads\/2022\/03\/logo-180x60-1.png\",\"width\":180,\"height\":60,\"caption\":\"ADQA\"},\"image\":{\"@id\":\"https:\/\/www.adqa.com\/ca\/#\/schema\/logo\/image\/\"}}]}<\/script>\n<!-- \/ Yoast SEO plugin. -->","yoast_head_json":{"title":"Oferta de feina per a Comercials de Telecomunicacions - ADQA","description":"Vols treballar amb nosaltres? Busquem personal, a jornada completa, pel departament de Comercial. Envia'ns el teu curr\u00edculum.","robots":{"index":"index","follow":"follow","max-snippet":"max-snippet:-1","max-image-preview":"max-image-preview:large","max-video-preview":"max-video-preview:-1"},"canonical":"https:\/\/www.adqa.com\/ca\/informacio-corporativa\/oferta-feina\/oferta-feina-comercials\/","og_locale":"ca_ES","og_type":"article","og_title":"Oferta de feina per a Comercials de Telecomunicacions - ADQA","og_description":"Vols treballar amb nosaltres? Busquem personal, a jornada completa, pel departament de Comercial. Envia'ns el teu curr\u00edculum.","og_url":"https:\/\/www.adqa.com\/ca\/informacio-corporativa\/oferta-feina\/oferta-feina-comercials\/","og_site_name":"ADQA","article_modified_time":"2023-01-02T15:58:47+00:00","twitter_card":"summary_large_image","twitter_misc":{"Temps estimat de lectura":"1 minut"},"schema":{"@context":"https:\/\/schema.org","@graph":[{"@type":"WebPage","@id":"https:\/\/www.adqa.com\/ca\/informacio-corporativa\/oferta-feina\/oferta-feina-comercials\/","url":"https:\/\/www.adqa.com\/ca\/informacio-corporativa\/oferta-feina\/oferta-feina-comercials\/","name":"Oferta de feina per a Comercials de Telecomunicacions - ADQA","isPartOf":{"@id":"https:\/\/www.adqa.com\/ca\/#website"},"datePublished":"2022-03-29T14:51:39+00:00","dateModified":"2023-01-02T15:58:47+00:00","description":"Vols treballar amb nosaltres? Busquem personal, a jornada completa, pel departament de Comercial. Envia'ns el teu curr\u00edculum.","breadcrumb":{"@id":"https:\/\/www.adqa.com\/ca\/informacio-corporativa\/oferta-feina\/oferta-feina-comercials\/#breadcrumb"},"inLanguage":"ca","potentialAction":[{"@type":"ReadAction","target":["https:\/\/www.adqa.com\/ca\/informacio-corporativa\/oferta-feina\/oferta-feina-comercials\/"]}]},{"@type":"BreadcrumbList","@id":"https:\/\/www.adqa.com\/ca\/informacio-corporativa\/oferta-feina\/oferta-feina-comercials\/#breadcrumb","itemListElement":[{"@type":"ListItem","position":1,"name":"Portada","item":"https:\/\/www.adqa.com\/ca\/"},{"@type":"ListItem","position":2,"name":"Informaci\u00f3 Corporativa","item":"https:\/\/www.adqa.com\/ca\/informacio-corporativa\/"},{"@type":"ListItem","position":3,"name":"Treballa amb nosaltres","item":"https:\/\/www.adqa.com\/ca\/informacion-corporativa\/oferta-empleo\/"},{"@type":"ListItem","position":4,"name":"Oferta de feina per a Comercials de Telecomunicacions"}]},{"@type":"WebSite","@id":"https:\/\/www.adqa.com\/ca\/#website","url":"https:\/\/www.adqa.com\/ca\/","name":"ADQA","description":"Inform\u00e1tica y Telecomunicaciones Vilanova i la Geltr\u00fa","publisher":{"@id":"https:\/\/www.adqa.com\/ca\/#organization"},"potentialAction":[{"@type":"SearchAction","target":{"@type":"EntryPoint","urlTemplate":"https:\/\/www.adqa.com\/ca\/?s={search_term_string}"},"query-input":"required name=search_term_string"}],"inLanguage":"ca"},{"@type":"Organization","@id":"https:\/\/www.adqa.com\/ca\/#organization","name":"ADQA","url":"https:\/\/www.adqa.com\/ca\/","logo":{"@type":"ImageObject","inLanguage":"ca","@id":"https:\/\/www.adqa.com\/ca\/#\/schema\/logo\/image\/","url":"https:\/\/www.adqa.com\/wp-content\/uploads\/2022\/03\/logo-180x60-1.png","contentUrl":"https:\/\/www.adqa.com\/wp-content\/uploads\/2022\/03\/logo-180x60-1.png","width":180,"height":60,"caption":"ADQA"},"image":{"@id":"https:\/\/www.adqa.com\/ca\/#\/schema\/logo\/image\/"}}]}},"_links":{"self":[{"href":"https:\/\/www.adqa.com\/ca\/wp-json\/wp\/v2\/pages\/5757"}],"collection":[{"href":"https:\/\/www.adqa.com\/ca\/wp-json\/wp\/v2\/pages"}],"about":[{"href":"https:\/\/www.adqa.com\/ca\/wp-json\/wp\/v2\/types\/page"}],"author":[{"embeddable":true,"href":"https:\/\/www.adqa.com\/ca\/wp-json\/wp\/v2\/users\/2"}],"replies":[{"embeddable":true,"href":"https:\/\/www.adqa.com\/ca\/wp-json\/wp\/v2\/comments?post=5757"}],"version-history":[{"count":0,"href":"https:\/\/www.adqa.com\/ca\/wp-json\/wp\/v2\/pages\/5757\/revisions"}],"up":[{"embeddable":true,"href":"https:\/\/www.adqa.com\/ca\/wp-json\/wp\/v2\/pages\/5750"}],"wp:attachment":[{"href":"https:\/\/www.adqa.com\/ca\/wp-json\/wp\/v2\/media?parent=5757"}],"curies":[{"name":"wp","href":"https:\/\/api.w.org\/{rel}","templated":true}]}}