{"id":5734,"date":"2022-03-23T10:49:04","date_gmt":"2022-03-23T10:49:04","guid":{"rendered":"http:\/\/www.newadqa.com.mialias.net\/informacio-corporativa\/informatica-barcelona\/"},"modified":"2022-07-11T09:40:00","modified_gmt":"2022-07-11T09:40:00","slug":"informatica-barcelona","status":"publish","type":"page","link":"https:\/\/www.adqa.com\/ca\/informacio-corporativa\/informatica-barcelona\/","title":{"rendered":"Inform\u00e0tica a Barcelona"},"content":{"rendered":"\t\t<div data-elementor-type=\"wp-page\" data-elementor-id=\"5734\" class=\"elementor elementor-5734 elementor-1263\" data-elementor-post-type=\"page\">\n\t\t\t\t\t\t<section class=\"elementor-section elementor-top-section elementor-element elementor-element-92a94c3 elementor-section-boxed elementor-section-height-default elementor-section-height-default\" data-id=\"92a94c3\" data-element_type=\"section\" data-settings=\"{&quot;background_background&quot;:&quot;classic&quot;}\">\n\t\t\t\t\t\t<div class=\"elementor-container elementor-column-gap-default\">\n\t\t\t\t\t<div class=\"elementor-column elementor-col-100 elementor-top-column elementor-element elementor-element-20790e3\" data-id=\"20790e3\" data-element_type=\"column\">\n\t\t\t<div class=\"elementor-widget-wrap elementor-element-populated\">\n\t\t\t\t\t\t<div class=\"elementor-element elementor-element-9cc12e5 elementor-widget elementor-widget-heading\" data-id=\"9cc12e5\" data-element_type=\"widget\" data-widget_type=\"heading.default\">\n\t\t\t\t<div class=\"elementor-widget-container\">\n\t\t\t<style>\/*! elementor - v3.21.0 - 08-05-2024 *\/\n.elementor-heading-title{padding:0;margin:0;line-height:1}.elementor-widget-heading .elementor-heading-title[class*=elementor-size-]>a{color:inherit;font-size:inherit;line-height:inherit}.elementor-widget-heading .elementor-heading-title.elementor-size-small{font-size:15px}.elementor-widget-heading .elementor-heading-title.elementor-size-medium{font-size:19px}.elementor-widget-heading .elementor-heading-title.elementor-size-large{font-size:29px}.elementor-widget-heading .elementor-heading-title.elementor-size-xl{font-size:39px}.elementor-widget-heading .elementor-heading-title.elementor-size-xxl{font-size:59px}<\/style><h1 class=\"elementor-heading-title elementor-size-default\">Inform\u00e0tica a Barcelona<\/h1>\t\t<\/div>\n\t\t\t\t<\/div>\n\t\t\t\t<div class=\"elementor-element elementor-element-eacb30a elementor-icon-list--layout-traditional elementor-list-item-link-full_width elementor-invisible elementor-widget elementor-widget-icon-list\" data-id=\"eacb30a\" data-element_type=\"widget\" data-settings=\"{&quot;_animation&quot;:&quot;slideInRight&quot;}\" data-widget_type=\"icon-list.default\">\n\t\t\t\t<div class=\"elementor-widget-container\">\n\t\t\t<link rel=\"stylesheet\" href=\"https:\/\/www.adqa.com\/wp-content\/plugins\/elementor\/assets\/css\/widget-icon-list.min.css\">\t\t<ul class=\"elementor-icon-list-items\">\n\t\t\t\t\t\t\t<li class=\"elementor-icon-list-item\">\n\t\t\t\t\t\t\t\t\t\t\t<span class=\"elementor-icon-list-icon\">\n\t\t\t\t\t\t\t<i aria-hidden=\"true\" class=\"fas fa-quote-right\"><\/i>\t\t\t\t\t\t<\/span>\n\t\t\t\t\t\t\t\t\t\t<span class=\"elementor-icon-list-text\">Serveis inform\u00e0tics a Barcelona<\/span>\n\t\t\t\t\t\t\t\t\t<\/li>\n\t\t\t\t\t\t<\/ul>\n\t\t\t\t<\/div>\n\t\t\t\t<\/div>\n\t\t\t\t\t<\/div>\n\t\t<\/div>\n\t\t\t\t\t<\/div>\n\t\t<\/section>\n\t\t\t\t<section class=\"elementor-section elementor-top-section elementor-element elementor-element-4b45b5f elementor-section-boxed elementor-section-height-default elementor-section-height-default\" data-id=\"4b45b5f\" data-element_type=\"section\">\n\t\t\t\t\t\t<div class=\"elementor-container elementor-column-gap-default\">\n\t\t\t\t\t<div class=\"elementor-column elementor-col-100 elementor-top-column elementor-element elementor-element-e8b79bb\" data-id=\"e8b79bb\" data-element_type=\"column\">\n\t\t\t<div class=\"elementor-widget-wrap elementor-element-populated\">\n\t\t\t\t\t\t<div class=\"elementor-element elementor-element-9eefe79 elementor-widget elementor-widget-text-editor\" data-id=\"9eefe79\" data-element_type=\"widget\" data-widget_type=\"text-editor.default\">\n\t\t\t\t<div class=\"elementor-widget-container\">\n\t\t\t<style>\/*! elementor - v3.21.0 - 08-05-2024 *\/\n.elementor-widget-text-editor.elementor-drop-cap-view-stacked .elementor-drop-cap{background-color:#69727d;color:#fff}.elementor-widget-text-editor.elementor-drop-cap-view-framed .elementor-drop-cap{color:#69727d;border:3px solid;background-color:transparent}.elementor-widget-text-editor:not(.elementor-drop-cap-view-default) .elementor-drop-cap{margin-top:8px}.elementor-widget-text-editor:not(.elementor-drop-cap-view-default) .elementor-drop-cap-letter{width:1em;height:1em}.elementor-widget-text-editor .elementor-drop-cap{float:left;text-align:center;line-height:1;font-size:50px}.elementor-widget-text-editor .elementor-drop-cap-letter{display:inline-block}<\/style>\t\t\t\t<p>Des de la nostra seu a Vilanova i la Geltr\u00fa donem servei a les empreses de Barcelona i rodalies. Gr\u00e0cies als nostres sistemes d\u2019<a href=\"\/ca\/informatica-empreses\/manteniment-servei-tecnic\/servei-assistencia-informatica-remota\/\">assist\u00e8ncia remota<\/a>, resolem la majoria d\u2019incid\u00e8ncies sense necessitat de despla\u00e7ament. Per\u00f2 quan cal, gr\u00e0cies a la nostra \u00e0mplia flota de vehicles i a la nostra ubicaci\u00f3 a peu d\u2019autopista, arribem al nostre dest\u00ed en temps r\u00e8cord.<\/p><p>Oferim serveis de <a href=\"\/ca\/informatica-empreses\/manteniment-servei-tecnic\/manteniment-informatic\/\">manteniment inform\u00e0tic<\/a> a Barcelona, <a href=\"\/ca\/informatica-empreses\/manteniment-servei-tecnic\/reparacio-ordinadors\/\">reparaci\u00f3 d\u2019ordinadors<\/a>, <a href=\"\/ca\/xarxes-veu-i-dades\/construccio-xarxes\/installacio-xarxes\/\">instal\u00b7laci\u00f3 de xarxes<\/a> a Barcelona.<\/p><p>Mapa d\u2019acc\u00e9s a la nostra empresa d\u2019inform\u00e0tica des de Barcelona<\/p>\t\t\t\t\t\t<\/div>\n\t\t\t\t<\/div>\n\t\t\t\t<div class=\"elementor-element elementor-element-3f5f5b3 elementor-widget elementor-widget-text-editor\" data-id=\"3f5f5b3\" data-element_type=\"widget\" data-widget_type=\"text-editor.default\">\n\t\t\t\t<div class=\"elementor-widget-container\">\n\t\t\t\t\t\t\t<iframe src=\"https:\/\/www.google.com\/maps\/embed?pb=!1m24!1m8!1m3!1d147894.89226684908!2d1.8440369525632787!3d41.313299147217585!3m2!1i1024!2i768!4f13.1!4m13!3e0!4m5!1s0x12a49816718e30e5%3A0x44b0fb3d4f47660a!2sBarcelona!3m2!1d41.3850639!2d2.1734035!4m5!1s0x12a3870b8850ff89%3A0x15b4c83597d851aa!2sADQA%2C+C.+Masia%2C+del+Notari%2C+23%2C+08800+Vilanova+i+la+Geltr%C3%BA%2C+Barcelona!3m2!1d41.244549899999996!2d1.71953!5e0!3m2!1sca!2ses!4v1559124654433!5m2!1sca!2ses\" width=\"600\" height=\"450\" frameborder=\"0\" style=\"border:0\" allowfullscreen><\/iframe>\t\t\t\t\t\t<\/div>\n\t\t\t\t<\/div>\n\t\t\t\t\t<\/div>\n\t\t<\/div>\n\t\t\t\t\t<\/div>\n\t\t<\/section>\n\t\t\t\t<\/div>\n\t\t","protected":false},"excerpt":{"rendered":"<p>Serveis inform\u00e0tics a Barcelona Des de la nostra seu a Vilanova i la Geltr\u00fa donem servei a les empreses de Barcelona i rodalies. Gr\u00e0cies als nostres sistemes d\u2019assist\u00e8ncia remota, resolem la majoria d\u2019incid\u00e8ncies sense necessitat de despla\u00e7ament. Per\u00f2 quan cal, gr\u00e0cies a la nostra \u00e0mplia flota de vehicles i a la nostra ubicaci\u00f3 a peu [&hellip;]<\/p>\n","protected":false},"author":2,"featured_media":0,"parent":5710,"menu_order":0,"comment_status":"closed","ping_status":"closed","template":"","meta":{"site-sidebar-layout":"no-sidebar","site-content-layout":"page-builder","ast-site-content-layout":"","site-content-style":"default","site-sidebar-style":"default","ast-global-header-display":"","ast-banner-title-visibility":"","ast-main-header-display":"","ast-hfb-above-header-display":"","ast-hfb-below-header-display":"","ast-hfb-mobile-header-display":"","site-post-title":"disabled","ast-breadcrumbs-content":"","ast-featured-img":"disabled","footer-sml-layout":"","theme-transparent-header-meta":"","adv-header-id-meta":"","stick-header-meta":"","header-above-stick-meta":"","header-main-stick-meta":"","header-below-stick-meta":"","astra-migrate-meta-layouts":"default","ast-page-background-enabled":"default","ast-page-background-meta":{"desktop":{"background-color":"","background-image":"","background-repeat":"repeat","background-position":"center center","background-size":"auto","background-attachment":"scroll","background-type":"","background-media":"","overlay-type":"","overlay-color":"","overlay-gradient":""},"tablet":{"background-color":"","background-image":"","background-repeat":"repeat","background-position":"center center","background-size":"auto","background-attachment":"scroll","background-type":"","background-media":"","overlay-type":"","overlay-color":"","overlay-gradient":""},"mobile":{"background-color":"","background-image":"","background-repeat":"repeat","background-position":"center center","background-size":"auto","background-attachment":"scroll","background-type":"","background-media":"","overlay-type":"","overlay-color":"","overlay-gradient":""}},"ast-content-background-meta":{"desktop":{"background-color":"var(--ast-global-color-5)","background-image":"","background-repeat":"repeat","background-position":"center center","background-size":"auto","background-attachment":"scroll","background-type":"","background-media":"","overlay-type":"","overlay-color":"","overlay-gradient":""},"tablet":{"background-color":"var(--ast-global-color-5)","background-image":"","background-repeat":"repeat","background-position":"center center","background-size":"auto","background-attachment":"scroll","background-type":"","background-media":"","overlay-type":"","overlay-color":"","overlay-gradient":""},"mobile":{"background-color":"var(--ast-global-color-5)","background-image":"","background-repeat":"repeat","background-position":"center center","background-size":"auto","background-attachment":"scroll","background-type":"","background-media":"","overlay-type":"","overlay-color":"","overlay-gradient":""}},"footnotes":""},"yoast_head":"<!-- This site is optimized with the Yoast SEO plugin v22.7 - https:\/\/yoast.com\/wordpress\/plugins\/seo\/ -->\n<title>Inform\u00e0tica a Barcelona - ADQA<\/title>\n<meta name=\"description\" content=\"Oferim serveis de manteniment inform\u00e0tic a Barcelona, reparaci\u00f3 d\u2019ordinadors, instal\u00b7laci\u00f3 de xarxes a Barcelona.\" \/>\n<meta name=\"robots\" content=\"index, follow, max-snippet:-1, max-image-preview:large, max-video-preview:-1\" \/>\n<link rel=\"canonical\" href=\"https:\/\/www.adqa.com\/ca\/informacio-corporativa\/informatica-barcelona\/\" \/>\n<meta property=\"og:locale\" content=\"ca_ES\" \/>\n<meta property=\"og:type\" content=\"article\" \/>\n<meta property=\"og:title\" content=\"Inform\u00e0tica a Barcelona - ADQA\" \/>\n<meta property=\"og:description\" content=\"Oferim serveis de manteniment inform\u00e0tic a Barcelona, reparaci\u00f3 d\u2019ordinadors, instal\u00b7laci\u00f3 de xarxes a Barcelona.\" \/>\n<meta property=\"og:url\" content=\"https:\/\/www.adqa.com\/ca\/informacio-corporativa\/informatica-barcelona\/\" \/>\n<meta property=\"og:site_name\" content=\"ADQA\" \/>\n<meta property=\"article:modified_time\" content=\"2022-07-11T09:40:00+00:00\" \/>\n<meta name=\"twitter:card\" content=\"summary_large_image\" \/>\n<meta name=\"twitter:label1\" content=\"Temps estimat de lectura\" \/>\n\t<meta name=\"twitter:data1\" content=\"1 minut\" \/>\n<script type=\"application\/ld+json\" class=\"yoast-schema-graph\">{\"@context\":\"https:\/\/schema.org\",\"@graph\":[{\"@type\":\"WebPage\",\"@id\":\"https:\/\/www.adqa.com\/ca\/informacio-corporativa\/informatica-barcelona\/\",\"url\":\"https:\/\/www.adqa.com\/ca\/informacio-corporativa\/informatica-barcelona\/\",\"name\":\"Inform\u00e0tica a Barcelona - ADQA\",\"isPartOf\":{\"@id\":\"https:\/\/www.adqa.com\/ca\/#website\"},\"datePublished\":\"2022-03-23T10:49:04+00:00\",\"dateModified\":\"2022-07-11T09:40:00+00:00\",\"description\":\"Oferim serveis de manteniment inform\u00e0tic a Barcelona, reparaci\u00f3 d\u2019ordinadors, instal\u00b7laci\u00f3 de xarxes a Barcelona.\",\"breadcrumb\":{\"@id\":\"https:\/\/www.adqa.com\/ca\/informacio-corporativa\/informatica-barcelona\/#breadcrumb\"},\"inLanguage\":\"ca\",\"potentialAction\":[{\"@type\":\"ReadAction\",\"target\":[\"https:\/\/www.adqa.com\/ca\/informacio-corporativa\/informatica-barcelona\/\"]}]},{\"@type\":\"BreadcrumbList\",\"@id\":\"https:\/\/www.adqa.com\/ca\/informacio-corporativa\/informatica-barcelona\/#breadcrumb\",\"itemListElement\":[{\"@type\":\"ListItem\",\"position\":1,\"name\":\"Portada\",\"item\":\"https:\/\/www.adqa.com\/ca\/\"},{\"@type\":\"ListItem\",\"position\":2,\"name\":\"Informaci\u00f3 Corporativa\",\"item\":\"https:\/\/www.adqa.com\/ca\/informacio-corporativa\/\"},{\"@type\":\"ListItem\",\"position\":3,\"name\":\"Inform\u00e0tica a Barcelona\"}]},{\"@type\":\"WebSite\",\"@id\":\"https:\/\/www.adqa.com\/ca\/#website\",\"url\":\"https:\/\/www.adqa.com\/ca\/\",\"name\":\"ADQA\",\"description\":\"Inform\u00e1tica y Telecomunicaciones Vilanova i la Geltr\u00fa\",\"publisher\":{\"@id\":\"https:\/\/www.adqa.com\/ca\/#organization\"},\"potentialAction\":[{\"@type\":\"SearchAction\",\"target\":{\"@type\":\"EntryPoint\",\"urlTemplate\":\"https:\/\/www.adqa.com\/ca\/?s={search_term_string}\"},\"query-input\":\"required name=search_term_string\"}],\"inLanguage\":\"ca\"},{\"@type\":\"Organization\",\"@id\":\"https:\/\/www.adqa.com\/ca\/#organization\",\"name\":\"ADQA\",\"url\":\"https:\/\/www.adqa.com\/ca\/\",\"logo\":{\"@type\":\"ImageObject\",\"inLanguage\":\"ca\",\"@id\":\"https:\/\/www.adqa.com\/ca\/#\/schema\/logo\/image\/\",\"url\":\"https:\/\/www.adqa.com\/wp-content\/uploads\/2022\/03\/logo-180x60-1.png\",\"contentUrl\":\"https:\/\/www.adqa.com\/wp-content\/uploads\/2022\/03\/logo-180x60-1.png\",\"width\":180,\"height\":60,\"caption\":\"ADQA\"},\"image\":{\"@id\":\"https:\/\/www.adqa.com\/ca\/#\/schema\/logo\/image\/\"}}]}<\/script>\n<!-- \/ Yoast SEO plugin. -->","yoast_head_json":{"title":"Inform\u00e0tica a Barcelona - ADQA","description":"Oferim serveis de manteniment inform\u00e0tic a Barcelona, reparaci\u00f3 d\u2019ordinadors, instal\u00b7laci\u00f3 de xarxes a Barcelona.","robots":{"index":"index","follow":"follow","max-snippet":"max-snippet:-1","max-image-preview":"max-image-preview:large","max-video-preview":"max-video-preview:-1"},"canonical":"https:\/\/www.adqa.com\/ca\/informacio-corporativa\/informatica-barcelona\/","og_locale":"ca_ES","og_type":"article","og_title":"Inform\u00e0tica a Barcelona - ADQA","og_description":"Oferim serveis de manteniment inform\u00e0tic a Barcelona, reparaci\u00f3 d\u2019ordinadors, instal\u00b7laci\u00f3 de xarxes a Barcelona.","og_url":"https:\/\/www.adqa.com\/ca\/informacio-corporativa\/informatica-barcelona\/","og_site_name":"ADQA","article_modified_time":"2022-07-11T09:40:00+00:00","twitter_card":"summary_large_image","twitter_misc":{"Temps estimat de lectura":"1 minut"},"schema":{"@context":"https:\/\/schema.org","@graph":[{"@type":"WebPage","@id":"https:\/\/www.adqa.com\/ca\/informacio-corporativa\/informatica-barcelona\/","url":"https:\/\/www.adqa.com\/ca\/informacio-corporativa\/informatica-barcelona\/","name":"Inform\u00e0tica a Barcelona - ADQA","isPartOf":{"@id":"https:\/\/www.adqa.com\/ca\/#website"},"datePublished":"2022-03-23T10:49:04+00:00","dateModified":"2022-07-11T09:40:00+00:00","description":"Oferim serveis de manteniment inform\u00e0tic a Barcelona, reparaci\u00f3 d\u2019ordinadors, instal\u00b7laci\u00f3 de xarxes a Barcelona.","breadcrumb":{"@id":"https:\/\/www.adqa.com\/ca\/informacio-corporativa\/informatica-barcelona\/#breadcrumb"},"inLanguage":"ca","potentialAction":[{"@type":"ReadAction","target":["https:\/\/www.adqa.com\/ca\/informacio-corporativa\/informatica-barcelona\/"]}]},{"@type":"BreadcrumbList","@id":"https:\/\/www.adqa.com\/ca\/informacio-corporativa\/informatica-barcelona\/#breadcrumb","itemListElement":[{"@type":"ListItem","position":1,"name":"Portada","item":"https:\/\/www.adqa.com\/ca\/"},{"@type":"ListItem","position":2,"name":"Informaci\u00f3 Corporativa","item":"https:\/\/www.adqa.com\/ca\/informacio-corporativa\/"},{"@type":"ListItem","position":3,"name":"Inform\u00e0tica a Barcelona"}]},{"@type":"WebSite","@id":"https:\/\/www.adqa.com\/ca\/#website","url":"https:\/\/www.adqa.com\/ca\/","name":"ADQA","description":"Inform\u00e1tica y Telecomunicaciones Vilanova i la Geltr\u00fa","publisher":{"@id":"https:\/\/www.adqa.com\/ca\/#organization"},"potentialAction":[{"@type":"SearchAction","target":{"@type":"EntryPoint","urlTemplate":"https:\/\/www.adqa.com\/ca\/?s={search_term_string}"},"query-input":"required name=search_term_string"}],"inLanguage":"ca"},{"@type":"Organization","@id":"https:\/\/www.adqa.com\/ca\/#organization","name":"ADQA","url":"https:\/\/www.adqa.com\/ca\/","logo":{"@type":"ImageObject","inLanguage":"ca","@id":"https:\/\/www.adqa.com\/ca\/#\/schema\/logo\/image\/","url":"https:\/\/www.adqa.com\/wp-content\/uploads\/2022\/03\/logo-180x60-1.png","contentUrl":"https:\/\/www.adqa.com\/wp-content\/uploads\/2022\/03\/logo-180x60-1.png","width":180,"height":60,"caption":"ADQA"},"image":{"@id":"https:\/\/www.adqa.com\/ca\/#\/schema\/logo\/image\/"}}]}},"_links":{"self":[{"href":"https:\/\/www.adqa.com\/ca\/wp-json\/wp\/v2\/pages\/5734"}],"collection":[{"href":"https:\/\/www.adqa.com\/ca\/wp-json\/wp\/v2\/pages"}],"about":[{"href":"https:\/\/www.adqa.com\/ca\/wp-json\/wp\/v2\/types\/page"}],"author":[{"embeddable":true,"href":"https:\/\/www.adqa.com\/ca\/wp-json\/wp\/v2\/users\/2"}],"replies":[{"embeddable":true,"href":"https:\/\/www.adqa.com\/ca\/wp-json\/wp\/v2\/comments?post=5734"}],"version-history":[{"count":0,"href":"https:\/\/www.adqa.com\/ca\/wp-json\/wp\/v2\/pages\/5734\/revisions"}],"up":[{"embeddable":true,"href":"https:\/\/www.adqa.com\/ca\/wp-json\/wp\/v2\/pages\/5710"}],"wp:attachment":[{"href":"https:\/\/www.adqa.com\/ca\/wp-json\/wp\/v2\/media?parent=5734"}],"curies":[{"name":"wp","href":"https:\/\/api.w.org\/{rel}","templated":true}]}}