{"id":5729,"date":"2022-03-23T10:48:58","date_gmt":"2022-03-23T10:48:58","guid":{"rendered":"http:\/\/www.newadqa.com.mialias.net\/informacio-corporativa\/politica-calidad\/"},"modified":"2022-07-11T09:40:37","modified_gmt":"2022-07-11T09:40:37","slug":"politica-qualitat","status":"publish","type":"page","link":"https:\/\/www.adqa.com\/ca\/informacio-corporativa\/politica-qualitat\/","title":{"rendered":"Pol\u00edtica de Qualitat"},"content":{"rendered":"\t\t<div data-elementor-type=\"wp-page\" data-elementor-id=\"5729\" class=\"elementor elementor-5729 elementor-1261\" data-elementor-post-type=\"page\">\n\t\t\t\t\t\t<section class=\"elementor-section elementor-top-section elementor-element elementor-element-d30ef3c elementor-section-boxed elementor-section-height-default elementor-section-height-default\" data-id=\"d30ef3c\" data-element_type=\"section\" data-settings=\"{&quot;background_background&quot;:&quot;classic&quot;}\">\n\t\t\t\t\t\t<div class=\"elementor-container elementor-column-gap-default\">\n\t\t\t\t\t<div class=\"elementor-column elementor-col-100 elementor-top-column elementor-element elementor-element-f1254fb\" data-id=\"f1254fb\" data-element_type=\"column\">\n\t\t\t<div class=\"elementor-widget-wrap elementor-element-populated\">\n\t\t\t\t\t\t<div class=\"elementor-element elementor-element-2e890e1 elementor-widget elementor-widget-heading\" data-id=\"2e890e1\" data-element_type=\"widget\" data-widget_type=\"heading.default\">\n\t\t\t\t<div class=\"elementor-widget-container\">\n\t\t\t<style>\/*! elementor - v3.21.0 - 08-05-2024 *\/\n.elementor-heading-title{padding:0;margin:0;line-height:1}.elementor-widget-heading .elementor-heading-title[class*=elementor-size-]>a{color:inherit;font-size:inherit;line-height:inherit}.elementor-widget-heading .elementor-heading-title.elementor-size-small{font-size:15px}.elementor-widget-heading .elementor-heading-title.elementor-size-medium{font-size:19px}.elementor-widget-heading .elementor-heading-title.elementor-size-large{font-size:29px}.elementor-widget-heading .elementor-heading-title.elementor-size-xl{font-size:39px}.elementor-widget-heading .elementor-heading-title.elementor-size-xxl{font-size:59px}<\/style><h1 class=\"elementor-heading-title elementor-size-default\">Pol\u00edtica de Qualitat<\/h1>\t\t<\/div>\n\t\t\t\t<\/div>\n\t\t\t\t\t<\/div>\n\t\t<\/div>\n\t\t\t\t\t<\/div>\n\t\t<\/section>\n\t\t\t\t<section class=\"elementor-section elementor-top-section elementor-element elementor-element-88bbade elementor-section-boxed elementor-section-height-default elementor-section-height-default\" data-id=\"88bbade\" data-element_type=\"section\">\n\t\t\t\t\t\t<div class=\"elementor-container elementor-column-gap-default\">\n\t\t\t\t\t<div class=\"elementor-column elementor-col-100 elementor-top-column elementor-element elementor-element-cda933a\" data-id=\"cda933a\" data-element_type=\"column\">\n\t\t\t<div class=\"elementor-widget-wrap elementor-element-populated\">\n\t\t\t\t\t\t<div class=\"elementor-element elementor-element-a99d79f elementor-widget elementor-widget-text-editor\" data-id=\"a99d79f\" data-element_type=\"widget\" data-widget_type=\"text-editor.default\">\n\t\t\t\t<div class=\"elementor-widget-container\">\n\t\t\t<style>\/*! elementor - v3.21.0 - 08-05-2024 *\/\n.elementor-widget-text-editor.elementor-drop-cap-view-stacked .elementor-drop-cap{background-color:#69727d;color:#fff}.elementor-widget-text-editor.elementor-drop-cap-view-framed .elementor-drop-cap{color:#69727d;border:3px solid;background-color:transparent}.elementor-widget-text-editor:not(.elementor-drop-cap-view-default) .elementor-drop-cap{margin-top:8px}.elementor-widget-text-editor:not(.elementor-drop-cap-view-default) .elementor-drop-cap-letter{width:1em;height:1em}.elementor-widget-text-editor .elementor-drop-cap{float:left;text-align:center;line-height:1;font-size:50px}.elementor-widget-text-editor .elementor-drop-cap-letter{display:inline-block}<\/style>\t\t\t\t<p><strong>ADQA<\/strong>, empresa dedicada a les instal\u00b7lacions, serveis i distribuci\u00f3 de tecnologies de la informaci\u00f3 i les telecomunicacions, es planteja la qualitat com la seva ra\u00f3 principal d\u2019existir. Som conscients que el nostre treball nom\u00e9s t\u00e9 sentit si \u00e9s orientada a la satisfacci\u00f3 completa del client, i som tamb\u00e9 conscients que aquesta no es pot aconseguir si no portem a terme el nostre treball sota unes pol\u00edtiques de qualitat que ho facilitin.<\/p><p>La direcci\u00f3 i tot l\u2019equip d\u2019<strong>ADQA<\/strong> han adquirit el comprom\u00eds amb una pol\u00edtica de qualitat integral, que aporti millores als processos i que serveixi per aconseguir l\u2019excel\u00b7l\u00e8ncia en el nostre servei i la satisfacci\u00f3 total dels clients.<\/p><p>Per aix\u00f2, ens dotem de les eines i la formaci\u00f3 necess\u00e0ria que ens permetran aconseguir-ho, i mantenir-lo de manera continuada.<\/p><p>En aquesta millora cont\u00ednua, la direcci\u00f3 d\u2019<strong>ADQ<\/strong>A es compromet a:<\/p>\t\t\t\t\t\t<\/div>\n\t\t\t\t<\/div>\n\t\t\t\t<div class=\"elementor-element elementor-element-c96c0de elementor-widget elementor-widget-ucaddon_uc_material_bullets\" data-id=\"c96c0de\" data-element_type=\"widget\" data-widget_type=\"ucaddon_uc_material_bullets.default\">\n\t\t\t\t<div class=\"elementor-widget-container\">\n\t\t\t\n<!-- start Icon Bullets -->\n\t\t<link id='font-awesome-css' href='https:\/\/www.adqa.com\/wp-content\/plugins\/unlimited-elements-for-elementor-premium\/assets_libraries\/font-awesome6\/fontawesome-all.min.css' type='text\/css' rel='stylesheet' >\n\t\t<link id='font-awesome-4-shim-css' href='https:\/\/www.adqa.com\/wp-content\/plugins\/unlimited-elements-for-elementor-premium\/assets_libraries\/font-awesome6\/fontawesome-v4-shims.min.css' type='text\/css' rel='stylesheet' >\n\n<style>\/* widget: Icon Bullets *\/\n\n#uc_uc_material_bullets_elementor_c96c0de *{\n\t-webkit-box-sizing: border-box;\n\t-moz-box-sizing: border-box;\n\tbox-sizing: border-box;\n}\n\n#uc_uc_material_bullets_elementor_c96c0de .uc-bullet-active{\n}\n\n\n#uc_uc_material_bullets_elementor_c96c0de .ue-icon\n{\n  display:flex;\n  align-items:center;\n  justify-content:center;\n  flex-grow:0;\n  flex-shrink:0;\n  line-height:1em;\n  transition:0.3s;\n}\n\n#uc_uc_material_bullets_elementor_c96c0de .ue-icon svg\n{\n  height:1em;\n  width:1em;\n}\n\n\n#uc_uc_material_bullets_elementor_c96c0de .uc_material_bullets_row\n{\n\tfont-weight:400;\n\toverflow:hidden;\n\tdisplay:flex;\n\tposition:relative;\n\ttext-align:left;\n\twidth:100%;\n   \n    transition:0.3s;\n}\n\n\n#uc_uc_material_bullets_elementor_c96c0de .uc_material_bullets_row a.ue-item-link\n{\n  position:absolute;\n  display:block;\n  top:0;\n  right:0;\n  left:0;\n  bottom:0;\n}\n\n#uc_uc_material_bullets_elementor_c96c0de .uc_material_bullets_row:last-child\n{\n\tmargin-bottom:0px !important;\n}\n\n\n#uc_uc_material_bullets_elementor_c96c0de .uc_material_bullets_row \n{\n\tposition:relative;\n\tvertical-align:middle;\n}\n\n#uc_uc_material_bullets_elementor_c96c0de .uc_material_bullets_row .uc_content_box\n{\n\tdisplay:flex;\n    flex-direction:column;\n    justify-content:center;\n    align-items: flex-start;\n    flex-grow:1;\n}\n\n#uc_uc_material_bullets_elementor_c96c0de .ue-bullets\n{\n  display:grid;\n}\n\n#uc_uc_material_bullets_elementor_c96c0de .ue-text, #uc_uc_material_bullets_elementor_c96c0de .ue-title, #uc_uc_material_bullets_elementor_c96c0de .ue-seperator\n{\n  width:100%;\n}\n\n#uc_uc_material_bullets_elementor_c96c0de .ue-seperator-line\n{\n  display:inline-block;\n  font-size:0px;\n}\n\n#uc_uc_material_bullets_elementor_c96c0de .ue-seperator\n{\n  font-size:0px;\n}\n\n#uc_uc_material_bullets_elementor_c96c0de.uc-remote-parent .uc_material_bullets_row\n{\n  cursor:pointer;\n}\n\n.ue-title\n{\n  font-size:21px;\n}\n\n<\/style>\n\n<div class=\"uc_material_bullets \"  id=\"uc_uc_material_bullets_elementor_c96c0de\" >   \t\n    \t<div class=\"ue-bullets\">\n          \t<div class=\"uc_material_bullets_row elementor-repeater-item-30876d0\">\n              <div class=\"ue-icon\">\n                    <i class='fas fa-check'><\/i>                    \t\n\n                \n              <\/div>\n  <div class=\"uc_content_box uc_ceal\">\n    <div class=\"ue-title\"><\/div>\n    \n    \t\n    \n    <div class=\"ue-text\">Satisfer les necessitats dels clients.\n\n\n<\/div>\t\n  <\/div>\n    \t\n<\/div>\n<div class=\"uc_material_bullets_row elementor-repeater-item-898a9b8\">\n              <div class=\"ue-icon\">\n                    <i class='fas fa-check'><\/i>                    \t\n\n                \n              <\/div>\n  <div class=\"uc_content_box uc_ceal\">\n    <div class=\"ue-title\"><\/div>\n    \n    \t\n    \n    <div class=\"ue-text\">Complir la normativa i legislaci\u00f3 vigent en tot all\u00f2 que afecti a l\u2019operativa de l\u2019organitzaci\u00f3.\n<\/div>\t\n  <\/div>\n    \t\n<\/div>\n<div class=\"uc_material_bullets_row elementor-repeater-item-a6da82c\">\n              <div class=\"ue-icon\">\n                    <i class='fas fa-check'><\/i>                    \t\n\n                \n              <\/div>\n  <div class=\"uc_content_box uc_ceal\">\n    <div class=\"ue-title\"><\/div>\n    \n    \t\n    \n    <div class=\"ue-text\">Millorar de forma cont\u00ednua els seus processos interns i els serveis oferts als seus clients.\n<\/div>\t\n  <\/div>\n    \t\n<\/div>\n\n      <\/div>\n<\/div>\n\n<!--end of icon bullets -->\n<!-- end Icon Bullets -->\t\t<\/div>\n\t\t\t\t<\/div>\n\t\t\t\t<div class=\"elementor-element elementor-element-915dee0 elementor-widget elementor-widget-image\" data-id=\"915dee0\" data-element_type=\"widget\" data-widget_type=\"image.default\">\n\t\t\t\t<div class=\"elementor-widget-container\">\n\t\t\t<style>\/*! elementor - v3.21.0 - 08-05-2024 *\/\n.elementor-widget-image{text-align:center}.elementor-widget-image a{display:inline-block}.elementor-widget-image a img[src$=\".svg\"]{width:48px}.elementor-widget-image img{vertical-align:middle;display:inline-block}<\/style>\t\t\t\t\t\t\t\t\t\t\t<a href=\"http:\/\/www.adqa.com\/wp-content\/uploads\/2022\/03\/1ca.jpg\" data-elementor-open-lightbox=\"yes\" data-elementor-lightbox-title=\"1ca\" data-e-action-hash=\"#elementor-action%3Aaction%3Dlightbox%26settings%3DeyJpZCI6MzMzOCwidXJsIjoiaHR0cHM6XC9cL3d3dy5hZHFhLmNvbVwvd3AtY29udGVudFwvdXBsb2Fkc1wvMjAyMlwvMDNcLzFjYS5qcGcifQ%3D%3D\">\n\t\t\t\t\t\t\t<img decoding=\"async\" src=\"https:\/\/www.adqa.com\/wp-content\/uploads\/elementor\/thumbs\/1ca-px4j7ah45u05vq5xiai64p4q5ydlzryj2su4nsdcqq.jpg\" title=\"1ca\" alt=\"1ca\" loading=\"lazy\" \/>\t\t\t\t\t\t\t\t<\/a>\n\t\t\t\t\t\t\t\t\t\t\t\t\t<\/div>\n\t\t\t\t<\/div>\n\t\t\t\t\t<\/div>\n\t\t<\/div>\n\t\t\t\t\t<\/div>\n\t\t<\/section>\n\t\t\t\t<\/div>\n\t\t","protected":false},"excerpt":{"rendered":"<p>ADQA, empresa dedicada a les instal\u00b7lacions, serveis i distribuci\u00f3 de tecnologies de la informaci\u00f3 i les telecomunicacions, es planteja la qualitat com la seva ra\u00f3 principal d\u2019existir. Som conscients que el nostre treball nom\u00e9s t\u00e9 sentit si \u00e9s orientada a la satisfacci\u00f3 completa del client, i som tamb\u00e9 conscients que aquesta no es pot aconseguir [&hellip;]<\/p>\n","protected":false},"author":2,"featured_media":0,"parent":5710,"menu_order":0,"comment_status":"closed","ping_status":"closed","template":"","meta":{"site-sidebar-layout":"no-sidebar","site-content-layout":"page-builder","ast-site-content-layout":"","site-content-style":"default","site-sidebar-style":"default","ast-global-header-display":"","ast-banner-title-visibility":"","ast-main-header-display":"","ast-hfb-above-header-display":"","ast-hfb-below-header-display":"","ast-hfb-mobile-header-display":"","site-post-title":"disabled","ast-breadcrumbs-content":"","ast-featured-img":"disabled","footer-sml-layout":"","theme-transparent-header-meta":"","adv-header-id-meta":"","stick-header-meta":"","header-above-stick-meta":"","header-main-stick-meta":"","header-below-stick-meta":"","astra-migrate-meta-layouts":"default","ast-page-background-enabled":"default","ast-page-background-meta":{"desktop":{"background-color":"","background-image":"","background-repeat":"repeat","background-position":"center center","background-size":"auto","background-attachment":"scroll","background-type":"","background-media":"","overlay-type":"","overlay-color":"","overlay-gradient":""},"tablet":{"background-color":"","background-image":"","background-repeat":"repeat","background-position":"center center","background-size":"auto","background-attachment":"scroll","background-type":"","background-media":"","overlay-type":"","overlay-color":"","overlay-gradient":""},"mobile":{"background-color":"","background-image":"","background-repeat":"repeat","background-position":"center center","background-size":"auto","background-attachment":"scroll","background-type":"","background-media":"","overlay-type":"","overlay-color":"","overlay-gradient":""}},"ast-content-background-meta":{"desktop":{"background-color":"var(--ast-global-color-5)","background-image":"","background-repeat":"repeat","background-position":"center center","background-size":"auto","background-attachment":"scroll","background-type":"","background-media":"","overlay-type":"","overlay-color":"","overlay-gradient":""},"tablet":{"background-color":"var(--ast-global-color-5)","background-image":"","background-repeat":"repeat","background-position":"center center","background-size":"auto","background-attachment":"scroll","background-type":"","background-media":"","overlay-type":"","overlay-color":"","overlay-gradient":""},"mobile":{"background-color":"var(--ast-global-color-5)","background-image":"","background-repeat":"repeat","background-position":"center center","background-size":"auto","background-attachment":"scroll","background-type":"","background-media":"","overlay-type":"","overlay-color":"","overlay-gradient":""}},"footnotes":""},"yoast_head":"<!-- This site is optimized with the Yoast SEO plugin v22.7 - https:\/\/yoast.com\/wordpress\/plugins\/seo\/ -->\n<title>Pol\u00edtica de Qualitat - ADQA<\/title>\n<meta name=\"description\" content=\"A ADQA estem compromesos amb la qualitat, i per aix\u00f2 disposem del Certificat de Registre del Sistema de Qualitat ISO 9001:2015\" \/>\n<meta name=\"robots\" content=\"index, follow, max-snippet:-1, max-image-preview:large, max-video-preview:-1\" \/>\n<link rel=\"canonical\" href=\"https:\/\/www.adqa.com\/ca\/informacio-corporativa\/politica-qualitat\/\" \/>\n<meta property=\"og:locale\" content=\"ca_ES\" \/>\n<meta property=\"og:type\" content=\"article\" \/>\n<meta property=\"og:title\" content=\"Pol\u00edtica de Qualitat - ADQA\" \/>\n<meta property=\"og:description\" content=\"A ADQA estem compromesos amb la qualitat, i per aix\u00f2 disposem del Certificat de Registre del Sistema de Qualitat ISO 9001:2015\" \/>\n<meta property=\"og:url\" content=\"https:\/\/www.adqa.com\/ca\/informacio-corporativa\/politica-qualitat\/\" \/>\n<meta property=\"og:site_name\" content=\"ADQA\" \/>\n<meta property=\"article:modified_time\" content=\"2022-07-11T09:40:37+00:00\" \/>\n<meta property=\"og:image\" content=\"https:\/\/www.adqa.com\/wp-content\/uploads\/elementor\/thumbs\/1ca-pqxfjp9wxxpdlrjsmm3fgkdt2clwucu0ephy9oirws.jpg\" \/>\n<meta name=\"twitter:card\" content=\"summary_large_image\" \/>\n<meta name=\"twitter:label1\" content=\"Temps estimat de lectura\" \/>\n\t<meta name=\"twitter:data1\" content=\"2 minuts\" \/>\n<script type=\"application\/ld+json\" class=\"yoast-schema-graph\">{\"@context\":\"https:\/\/schema.org\",\"@graph\":[{\"@type\":\"WebPage\",\"@id\":\"https:\/\/www.adqa.com\/ca\/informacio-corporativa\/politica-qualitat\/\",\"url\":\"https:\/\/www.adqa.com\/ca\/informacio-corporativa\/politica-qualitat\/\",\"name\":\"Pol\u00edtica de Qualitat - ADQA\",\"isPartOf\":{\"@id\":\"https:\/\/www.adqa.com\/ca\/#website\"},\"primaryImageOfPage\":{\"@id\":\"https:\/\/www.adqa.com\/ca\/informacio-corporativa\/politica-qualitat\/#primaryimage\"},\"image\":{\"@id\":\"https:\/\/www.adqa.com\/ca\/informacio-corporativa\/politica-qualitat\/#primaryimage\"},\"thumbnailUrl\":\"https:\/\/www.adqa.com\/wp-content\/uploads\/elementor\/thumbs\/1ca-pqxfjp9wxxpdlrjsmm3fgkdt2clwucu0ephy9oirws.jpg\",\"datePublished\":\"2022-03-23T10:48:58+00:00\",\"dateModified\":\"2022-07-11T09:40:37+00:00\",\"description\":\"A ADQA estem compromesos amb la qualitat, i per aix\u00f2 disposem del Certificat de Registre del Sistema de Qualitat ISO 9001:2015\",\"breadcrumb\":{\"@id\":\"https:\/\/www.adqa.com\/ca\/informacio-corporativa\/politica-qualitat\/#breadcrumb\"},\"inLanguage\":\"ca\",\"potentialAction\":[{\"@type\":\"ReadAction\",\"target\":[\"https:\/\/www.adqa.com\/ca\/informacio-corporativa\/politica-qualitat\/\"]}]},{\"@type\":\"ImageObject\",\"inLanguage\":\"ca\",\"@id\":\"https:\/\/www.adqa.com\/ca\/informacio-corporativa\/politica-qualitat\/#primaryimage\",\"url\":\"https:\/\/www.adqa.com\/wp-content\/uploads\/elementor\/thumbs\/1ca-pqxfjp9wxxpdlrjsmm3fgkdt2clwucu0ephy9oirws.jpg\",\"contentUrl\":\"https:\/\/www.adqa.com\/wp-content\/uploads\/elementor\/thumbs\/1ca-pqxfjp9wxxpdlrjsmm3fgkdt2clwucu0ephy9oirws.jpg\"},{\"@type\":\"BreadcrumbList\",\"@id\":\"https:\/\/www.adqa.com\/ca\/informacio-corporativa\/politica-qualitat\/#breadcrumb\",\"itemListElement\":[{\"@type\":\"ListItem\",\"position\":1,\"name\":\"Portada\",\"item\":\"https:\/\/www.adqa.com\/ca\/\"},{\"@type\":\"ListItem\",\"position\":2,\"name\":\"Informaci\u00f3 Corporativa\",\"item\":\"https:\/\/www.adqa.com\/ca\/informacio-corporativa\/\"},{\"@type\":\"ListItem\",\"position\":3,\"name\":\"Pol\u00edtica de Qualitat\"}]},{\"@type\":\"WebSite\",\"@id\":\"https:\/\/www.adqa.com\/ca\/#website\",\"url\":\"https:\/\/www.adqa.com\/ca\/\",\"name\":\"ADQA\",\"description\":\"Inform\u00e1tica y Telecomunicaciones Vilanova i la Geltr\u00fa\",\"publisher\":{\"@id\":\"https:\/\/www.adqa.com\/ca\/#organization\"},\"potentialAction\":[{\"@type\":\"SearchAction\",\"target\":{\"@type\":\"EntryPoint\",\"urlTemplate\":\"https:\/\/www.adqa.com\/ca\/?s={search_term_string}\"},\"query-input\":\"required name=search_term_string\"}],\"inLanguage\":\"ca\"},{\"@type\":\"Organization\",\"@id\":\"https:\/\/www.adqa.com\/ca\/#organization\",\"name\":\"ADQA\",\"url\":\"https:\/\/www.adqa.com\/ca\/\",\"logo\":{\"@type\":\"ImageObject\",\"inLanguage\":\"ca\",\"@id\":\"https:\/\/www.adqa.com\/ca\/#\/schema\/logo\/image\/\",\"url\":\"https:\/\/www.adqa.com\/wp-content\/uploads\/2022\/03\/logo-180x60-1.png\",\"contentUrl\":\"https:\/\/www.adqa.com\/wp-content\/uploads\/2022\/03\/logo-180x60-1.png\",\"width\":180,\"height\":60,\"caption\":\"ADQA\"},\"image\":{\"@id\":\"https:\/\/www.adqa.com\/ca\/#\/schema\/logo\/image\/\"}}]}<\/script>\n<!-- \/ Yoast SEO plugin. -->","yoast_head_json":{"title":"Pol\u00edtica de Qualitat - ADQA","description":"A ADQA estem compromesos amb la qualitat, i per aix\u00f2 disposem del Certificat de Registre del Sistema de Qualitat ISO 9001:2015","robots":{"index":"index","follow":"follow","max-snippet":"max-snippet:-1","max-image-preview":"max-image-preview:large","max-video-preview":"max-video-preview:-1"},"canonical":"https:\/\/www.adqa.com\/ca\/informacio-corporativa\/politica-qualitat\/","og_locale":"ca_ES","og_type":"article","og_title":"Pol\u00edtica de Qualitat - ADQA","og_description":"A ADQA estem compromesos amb la qualitat, i per aix\u00f2 disposem del Certificat de Registre del Sistema de Qualitat ISO 9001:2015","og_url":"https:\/\/www.adqa.com\/ca\/informacio-corporativa\/politica-qualitat\/","og_site_name":"ADQA","article_modified_time":"2022-07-11T09:40:37+00:00","og_image":[{"url":"https:\/\/www.adqa.com\/wp-content\/uploads\/elementor\/thumbs\/1ca-pqxfjp9wxxpdlrjsmm3fgkdt2clwucu0ephy9oirws.jpg"}],"twitter_card":"summary_large_image","twitter_misc":{"Temps estimat de lectura":"2 minuts"},"schema":{"@context":"https:\/\/schema.org","@graph":[{"@type":"WebPage","@id":"https:\/\/www.adqa.com\/ca\/informacio-corporativa\/politica-qualitat\/","url":"https:\/\/www.adqa.com\/ca\/informacio-corporativa\/politica-qualitat\/","name":"Pol\u00edtica de Qualitat - ADQA","isPartOf":{"@id":"https:\/\/www.adqa.com\/ca\/#website"},"primaryImageOfPage":{"@id":"https:\/\/www.adqa.com\/ca\/informacio-corporativa\/politica-qualitat\/#primaryimage"},"image":{"@id":"https:\/\/www.adqa.com\/ca\/informacio-corporativa\/politica-qualitat\/#primaryimage"},"thumbnailUrl":"https:\/\/www.adqa.com\/wp-content\/uploads\/elementor\/thumbs\/1ca-pqxfjp9wxxpdlrjsmm3fgkdt2clwucu0ephy9oirws.jpg","datePublished":"2022-03-23T10:48:58+00:00","dateModified":"2022-07-11T09:40:37+00:00","description":"A ADQA estem compromesos amb la qualitat, i per aix\u00f2 disposem del Certificat de Registre del Sistema de Qualitat ISO 9001:2015","breadcrumb":{"@id":"https:\/\/www.adqa.com\/ca\/informacio-corporativa\/politica-qualitat\/#breadcrumb"},"inLanguage":"ca","potentialAction":[{"@type":"ReadAction","target":["https:\/\/www.adqa.com\/ca\/informacio-corporativa\/politica-qualitat\/"]}]},{"@type":"ImageObject","inLanguage":"ca","@id":"https:\/\/www.adqa.com\/ca\/informacio-corporativa\/politica-qualitat\/#primaryimage","url":"https:\/\/www.adqa.com\/wp-content\/uploads\/elementor\/thumbs\/1ca-pqxfjp9wxxpdlrjsmm3fgkdt2clwucu0ephy9oirws.jpg","contentUrl":"https:\/\/www.adqa.com\/wp-content\/uploads\/elementor\/thumbs\/1ca-pqxfjp9wxxpdlrjsmm3fgkdt2clwucu0ephy9oirws.jpg"},{"@type":"BreadcrumbList","@id":"https:\/\/www.adqa.com\/ca\/informacio-corporativa\/politica-qualitat\/#breadcrumb","itemListElement":[{"@type":"ListItem","position":1,"name":"Portada","item":"https:\/\/www.adqa.com\/ca\/"},{"@type":"ListItem","position":2,"name":"Informaci\u00f3 Corporativa","item":"https:\/\/www.adqa.com\/ca\/informacio-corporativa\/"},{"@type":"ListItem","position":3,"name":"Pol\u00edtica de Qualitat"}]},{"@type":"WebSite","@id":"https:\/\/www.adqa.com\/ca\/#website","url":"https:\/\/www.adqa.com\/ca\/","name":"ADQA","description":"Inform\u00e1tica y Telecomunicaciones Vilanova i la Geltr\u00fa","publisher":{"@id":"https:\/\/www.adqa.com\/ca\/#organization"},"potentialAction":[{"@type":"SearchAction","target":{"@type":"EntryPoint","urlTemplate":"https:\/\/www.adqa.com\/ca\/?s={search_term_string}"},"query-input":"required name=search_term_string"}],"inLanguage":"ca"},{"@type":"Organization","@id":"https:\/\/www.adqa.com\/ca\/#organization","name":"ADQA","url":"https:\/\/www.adqa.com\/ca\/","logo":{"@type":"ImageObject","inLanguage":"ca","@id":"https:\/\/www.adqa.com\/ca\/#\/schema\/logo\/image\/","url":"https:\/\/www.adqa.com\/wp-content\/uploads\/2022\/03\/logo-180x60-1.png","contentUrl":"https:\/\/www.adqa.com\/wp-content\/uploads\/2022\/03\/logo-180x60-1.png","width":180,"height":60,"caption":"ADQA"},"image":{"@id":"https:\/\/www.adqa.com\/ca\/#\/schema\/logo\/image\/"}}]}},"_links":{"self":[{"href":"https:\/\/www.adqa.com\/ca\/wp-json\/wp\/v2\/pages\/5729"}],"collection":[{"href":"https:\/\/www.adqa.com\/ca\/wp-json\/wp\/v2\/pages"}],"about":[{"href":"https:\/\/www.adqa.com\/ca\/wp-json\/wp\/v2\/types\/page"}],"author":[{"embeddable":true,"href":"https:\/\/www.adqa.com\/ca\/wp-json\/wp\/v2\/users\/2"}],"replies":[{"embeddable":true,"href":"https:\/\/www.adqa.com\/ca\/wp-json\/wp\/v2\/comments?post=5729"}],"version-history":[{"count":0,"href":"https:\/\/www.adqa.com\/ca\/wp-json\/wp\/v2\/pages\/5729\/revisions"}],"up":[{"embeddable":true,"href":"https:\/\/www.adqa.com\/ca\/wp-json\/wp\/v2\/pages\/5710"}],"wp:attachment":[{"href":"https:\/\/www.adqa.com\/ca\/wp-json\/wp\/v2\/media?parent=5729"}],"curies":[{"name":"wp","href":"https:\/\/api.w.org\/{rel}","templated":true}]}}